{"id":4858,"date":"2024-03-12T21:25:26","date_gmt":"2024-03-13T02:25:26","guid":{"rendered":"https:\/\/nerv-corp.com\/?page_id=4858"},"modified":"2024-03-13T09:04:13","modified_gmt":"2024-03-13T14:04:13","slug":"success-stories-montemar-e-hijos","status":"publish","type":"page","link":"https:\/\/nerv-corp.com\/en\/success-stories-montemar-e-hijos\/","title":{"rendered":"Success stories: Montemar e Hijos"},"content":{"rendered":"<div id=\"enhance\"  data-column-margin=\"default\" data-midnight=\"light\" data-top-percent=\"10%\" data-bottom-percent=\"10%\"  class=\"wpb_row vc_row-fluid vc_row full-width-section parallax_section\"  style=\"padding-top: calc(100vw * 0.10); padding-bottom: calc(100vw * 0.10); \"><div class=\"row-bg-wrap\" data-bg-animation=\"none\" data-bg-animation-delay=\"\" data-bg-overlay=\"false\"><div class=\"inner-wrap row-bg-layer using-image\" ><div class=\"row-bg viewport-desktop using-image\" data-parallax-speed=\"fast\" style=\"background-image: url(https:\/\/nerv-corp.com\/wp-content\/uploads\/2024\/03\/woman-safety-equipment-working-3.webp); background-position: left center; background-repeat: no-repeat; \"><\/div><\/div><div class=\"row-bg-overlay row-bg-layer\" style=\"background:linear-gradient(80deg, rgb(0, 0, 0) 9%, rgba(243, 243, 243, 0) 54%);\"><\/div><\/div><div class=\"row_col_wrap_12 col span_12 light left\">\n\t<div  class=\"vc_col-sm-8 wpb_column column_container vc_column_container col no-extra-padding inherit_tablet inherit_phone\"  data-padding-pos=\"all\" data-has-bg-color=\"false\" data-bg-color=\"\" data-bg-opacity=\"1\" data-animation=\"\" data-delay=\"0\" >\n\t\t<div class=\"vc_column-inner\" >\n\t\t\t<div class=\"wpb_wrapper\">\n\t\t\t\t<div id=\"fws_69e88076838fb\" data-midnight=\"\" data-column-margin=\"default\" class=\"wpb_row vc_row-fluid vc_row inner_row\"  style=\"\"><div class=\"row-bg-wrap\"> <div class=\"row-bg\" ><\/div> <\/div><div class=\"row_col_wrap_12_inner col span_12  left\">\n\t<div  class=\"vc_col-sm-12 wpb_column column_container vc_column_container col child_column no-extra-padding inherit_tablet inherit_phone\"   data-padding-pos=\"all\" data-has-bg-color=\"false\" data-bg-color=\"\" data-bg-opacity=\"1\" data-animation=\"\" data-delay=\"0\" >\n\t\t<div class=\"vc_column-inner\" >\n\t\t<div class=\"wpb_wrapper\">\n\t\t\t\n<div class=\"wpb_text_column wpb_content_element  vc_custom_1710297873094\" >\n\t<div class=\"wpb_wrapper\">\n\t\t<h5>Revolutionizing Efficiency:<\/h5>\n\t<\/div>\n<\/div>\n\n\n\n<div class=\"nectar-highlighted-text\" data-style=\"half_text\" data-exp=\"default\" data-using-custom-color=\"true\" data-animation-delay=\"false\" data-color=\"#fda13c\" data-color-gradient=\"\" style=\"\"><h2>The Success of Montemar e Hijos with P4 Books and P4 Warehouse<\/h2>\n<\/div>\n<div class=\"wpb_text_column wpb_content_element\" >\n\t<div class=\"wpb_wrapper\">\n\t\t<p><img loading=\"lazy\" decoding=\"async\" class=\"alignnone wp-image-5815 size-medium\" src=\"https:\/\/nerv-corp.com\/wp-content\/uploads\/2024\/03\/oiewfrhiuoewlaqutipoweqjgouiwhgwiulhgwe.png\" alt=\"\" width=\"300\" height=\"137\" \/><\/p>\n\t<\/div>\n<\/div>\n\n\n\n<div class=\"nectar-split-heading\" data-align=\"default\" data-m-align=\"inherit\" data-text-effect=\"default\" data-animation-type=\"line-reveal-by-space\" data-animation-delay=\"0\" data-animation-offset=\"\" data-m-rm-animation=\"\" data-stagger=\"\" data-custom-font-size=\"false\" ><h5 >Montemar is a cleaning products company in Panama. It offers automatic dispensers of alcohol gel or hand soap, and other products for the home and office.<\/h5><\/div>\n\t\t<\/div> \n\t<\/div>\n\t<\/div> \n<\/div><\/div><div class=\"divider-wrap\" data-alignment=\"default\"><div  data-width=\"100%\" data-animate=\"\" data-animation-delay=\"\" data-color=\"default\" class=\"divider-border\"><\/div><\/div>\n\t\t\t<\/div> \n\t\t<\/div>\n\t<\/div> \n\n\t<div  class=\"vc_col-sm-4 wpb_column column_container vc_column_container col no-extra-padding inherit_tablet inherit_phone\"  data-padding-pos=\"all\" data-has-bg-color=\"false\" data-bg-color=\"\" data-bg-opacity=\"1\" data-animation=\"\" data-delay=\"0\" >\n\t\t<div class=\"vc_column-inner\" >\n\t\t\t<div class=\"wpb_wrapper\">\n\t\t\t\t\n\t\t\t<\/div> \n\t\t<\/div>\n\t<\/div> \n<\/div><\/div>\n\t\t<div id=\"fws_69e8807684a98\"  data-column-margin=\"default\" data-midnight=\"dark\"  class=\"wpb_row vc_row-fluid vc_row full-width-section\"  style=\"padding-top: 0px; padding-bottom: 0px; \"><div class=\"row-bg-wrap\" data-bg-animation=\"none\" data-bg-animation-delay=\"\" data-bg-overlay=\"false\"><div class=\"inner-wrap row-bg-layer\" ><div class=\"row-bg viewport-desktop using-bg-color\"  style=\"background-color: #f9f9f9; \"><\/div><\/div><\/div><div class=\"row_col_wrap_12 col span_12 dark left\">\n\t<div  class=\"vc_col-sm-12 wpb_column column_container vc_column_container col padding-1-percent inherit_tablet inherit_phone\"  data-padding-pos=\"all\" data-has-bg-color=\"false\" data-bg-color=\"\" data-bg-opacity=\"1\" data-animation=\"\" data-delay=\"0\" >\n\t\t<div class=\"vc_column-inner\" >\n\t\t\t<div class=\"wpb_wrapper\">\n\t\t\t\t\n\t\t\t<\/div> \n\t\t<\/div>\n\t<\/div> \n<\/div><\/div>\n\t\t<div id=\"fws_69e8807685116\"  data-column-margin=\"default\" data-midnight=\"dark\" data-bottom-percent=\"4%\"  class=\"wpb_row vc_row-fluid vc_row full-width-section\"  style=\"padding-top: 0px; padding-bottom: calc(100vw * 0.04); \"><div class=\"row-bg-wrap\" data-bg-animation=\"none\" data-bg-animation-delay=\"\" data-bg-overlay=\"false\"><div class=\"inner-wrap row-bg-layer\" ><div class=\"row-bg viewport-desktop using-bg-color\"  style=\"background-color: #f9f9f9; \"><\/div><\/div><\/div><div class=\"row_col_wrap_12 col span_12 dark left\">\n\t<div style=\"\" class=\"vc_col-sm-2 wpb_column column_container vc_column_container col padding-1-percent inherit_tablet inherit_phone\" data-using-bg=\"true\" data-padding-pos=\"all\" data-has-bg-color=\"true\" data-bg-color=\"#eceff1\" data-bg-opacity=\"1\" data-animation=\"\" data-delay=\"0\" >\n\t\t<div class=\"vc_column-inner\" ><div class=\"column-bg-overlay-wrap column-bg-layer\" data-bg-animation=\"none\"><div class=\"column-bg-overlay\" style=\"opacity: 1; background-color: #eceff1;\"><\/div><\/div>\n\t\t\t<div class=\"wpb_wrapper\">\n\t\t\t\t\n<div class=\"wpb_text_column wpb_content_element\" >\n\t<div class=\"wpb_wrapper\">\n\t\t<h3><span style=\"color: #1e232b;\">Project<\/span><\/h3>\n<p>P4 Warehouse Cloud WMS \/<br \/>\nP4 Books Cloud ERP<\/p>\n\t<\/div>\n<\/div>\n\n\n\n\n<div class=\"wpb_text_column wpb_content_element\" >\n\t<div class=\"wpb_wrapper\">\n\t\t<h3><span style=\"color: #1e232b;\">Customer<\/span><\/h3>\n<p><a href=\"https:\/\/montemarehijos.com\/\">Montemar and Sons<\/a><\/p>\n\t<\/div>\n<\/div>\n\n\n\n\n<div class=\"wpb_text_column wpb_content_element\" >\n\t<div class=\"wpb_wrapper\">\n\t\t<h3>Industry<\/h3>\n<p>Leading Cleaning Supplies Distributor<\/p>\n\t<\/div>\n<\/div>\n\n\n\n\n\t\t\t<\/div> \n\t\t<\/div>\n\t<\/div> \n\n\t<div  class=\"vc_col-sm-8 wpb_column column_container vc_column_container col padding-1-percent inherit_tablet inherit_phone\"  data-padding-pos=\"all\" data-has-bg-color=\"false\" data-bg-color=\"\" data-bg-opacity=\"1\" data-animation=\"\" data-delay=\"0\" >\n\t\t<div class=\"vc_column-inner\" >\n\t\t\t<div class=\"wpb_wrapper\">\n\t\t\t\t\n<div class=\"wpb_text_column wpb_content_element\" >\n\t<div class=\"wpb_wrapper\">\n\t\t<h3>Challenges<\/h3>\n<p>In the rapidly evolving world of distribution, especially in specialized sectors such as cleaning supplies, companies are constantly seeking innovative solutions to improve operational efficiency, optimize inventory management and streamline financial processes. Montemar e Hijos, a leading distributor in the cleaning supplies industry, has made significant progress in increasing its growth and productivity by integrating P4 Books and P4 Warehouse from Barrdega Sistemas, SA into its operating framework.<\/p>\n<h3>Leading Change with P4 Warehouse<\/h3>\n<p>P4 Warehouse, known for its intuitive design and comprehensive functionality, has been a game changer for Montemar e Hijos. Prior to its implementation, the company faced common industry challenges such as inventory inaccuracies, inefficient warehouse operations, and order fulfillment delays. P4 Warehouse introduced a seamless, automated solution that not only minimized these issues but also propelled the company to unprecedented levels of efficiency.<\/p>\n<p>The real-time inventory management feature provided Montemar e Hijos with accurate and up-to-date inventory data, significantly reducing overstock or shortages and ensuring optimal inventory levels at all times. This precision has enabled more informed purchasing decisions and improved stock rotation, leading to a reduction in storage costs and improved cash flow.<\/p>\n<p>Additionally, P4 Warehouse&#039;s advanced order management capabilities streamlined the order fulfillment process, from order receiving and processing to picking, packing and shipping. This efficiency minimized order delivery times, improving customer satisfaction and loyalty, which is crucial in the competitive cleaning supply distribution industry.<\/p>\n<h3>Financial Transformation with P4 Books<\/h3>\n<p>Complementing the operational advances provided by P4 Warehouse, P4 Books has revolutionized the financial and accounting processes of Montemar e Hijos. As a comprehensive ERP solution tailored for dynamic business environments, P4 Books offered a unified platform to manage the company&#039;s financial operations, including accounts payable\/receivable, general ledger, and financial reporting.<\/p>\n<p>The integration of P4 Books has allowed Montemar e Hijos to achieve a more agile, precise and efficient financial workflow. The ease of use and the ability to generate financial reports in real time have provided the management team with critical insights into the financial health of the company, allowing for more strategic decision making and planning.<\/p>\n<p>Automating routine financial tasks has also freed up valuable time for company staff, allowing them to focus on more strategic initiatives aimed at growth and expansion. This change has not only improved productivity but also employee satisfaction and engagement.<\/p>\n<h3>Synergistic Success<\/h3>\n<p>The synergy between P4 Warehouse and P4 Books has created a robust infrastructure for Montemar e Hijos, allowing a holistic approach to managing its operational and financial aspects. This integrated approach has eliminated data silos, improved interdepartmental collaboration, and ensured that all business processes are aligned with the company&#039;s growth objectives.<\/p>\n<p><strong>The way to follow<\/strong><\/p>\n<p>The ease of use, combined with the comprehensive features of P4 Warehouse and P4 Books, has not only addressed Montemar e Hijos&#039; immediate operational and financial challenges, but has also positioned the company for long-term sustainable growth. The scalability of both systems ensures that as Montemar e Hijos continues to expand its market reach and diversify its product offering, the software will grow along with the company, supporting its evolving needs.<\/p>\n<p>In conclusion, Montemar e Hijos&#039; adoption of P4 Warehouse and P4 Books exemplifies how leveraging the right technology solutions can lead to transformative growth and productivity in the distribution industry. As Montemar e Hijos continues on its upward trajectory, its partnership with Barrdega Sistemas, SA remains a pillar of its success, providing the tools and support necessary to confidently and efficiently navigate the complexities of the cleaning supplies distribution sector. .<\/p>\n\t<\/div>\n<\/div>\n\n\n\n<div class=\"divider-wrap\" data-alignment=\"default\"><div style=\"margin-top: 12.5px; height: 1px; margin-bottom: 12.5px;\" data-width=\"100%\" data-animate=\"\" data-animation-delay=\"\" data-color=\"extra-color-3\" class=\"divider-border\"><\/div><\/div>\n<div class=\"wpb_text_column wpb_content_element\" >\n\t<div class=\"wpb_wrapper\">\n\t\t<h3>Quantifiable results:<\/h3>\n\t<\/div>\n<\/div>\n\n\n\n<div id=\"fws_69e8807686085\" data-midnight=\"\" data-column-margin=\"default\" class=\"wpb_row vc_row-fluid vc_row inner_row\"  style=\"\"><div class=\"row-bg-wrap\"> <div class=\"row-bg\" ><\/div> <\/div><div class=\"row_col_wrap_12_inner col span_12  left\">\n\t<div  class=\"vc_col-sm-3 wpb_column column_container vc_column_container col child_column no-extra-padding inherit_tablet inherit_phone\"   data-padding-pos=\"all\" data-has-bg-color=\"false\" data-bg-color=\"\" data-bg-opacity=\"1\" data-animation=\"\" data-delay=\"0\" >\n\t\t<div class=\"vc_column-inner\" >\n\t\t<div class=\"wpb_wrapper\">\n\t\t\t<div class=\"nectar-split-heading  font_size_2-5vw font_line_height_1px\" data-align=\"default\" data-m-align=\"inherit\" data-text-effect=\"default\" data-animation-type=\"line-reveal-by-space\" data-animation-delay=\"200\" data-animation-offset=\"\" data-m-rm-animation=\"\" data-stagger=\"\" data-custom-font-size=\"true\" style=\"font-size: 2.5vw; line-height: 2.75vw;\"><h2 >20%<\/h2><\/div><div class=\"nectar-split-heading  font_size_0-8vw font_size_tablet_16px font_size_phone_13px font_line_height_1-5\" data-align=\"default\" data-m-align=\"inherit\" data-text-effect=\"default\" data-animation-type=\"line-reveal-by-space\" data-animation-delay=\"300\" data-animation-offset=\"\" data-m-rm-animation=\"\" data-stagger=\"true\" data-custom-font-size=\"true\" style=\"font-size: 0.8vw; line-height: 0.88vw;\"><p style=\"max-width: 60%;\">Increase in operational efficiency<\/p><\/div>\n\t\t<\/div> \n\t<\/div>\n\t<\/div> \n\n\t<div  class=\"vc_col-sm-3 wpb_column column_container vc_column_container col child_column no-extra-padding inherit_tablet inherit_phone\"   data-padding-pos=\"all\" data-has-bg-color=\"false\" data-bg-color=\"\" data-bg-opacity=\"1\" data-animation=\"\" data-delay=\"0\" >\n\t\t<div class=\"vc_column-inner\" >\n\t\t<div class=\"wpb_wrapper\">\n\t\t\t<div class=\"nectar-split-heading  font_size_2-5vw font_line_height_1px\" data-align=\"default\" data-m-align=\"inherit\" data-text-effect=\"default\" data-animation-type=\"line-reveal-by-space\" data-animation-delay=\"200\" data-animation-offset=\"\" data-m-rm-animation=\"\" data-stagger=\"\" data-custom-font-size=\"true\" style=\"font-size: 2.5vw; line-height: 2.75vw;\"><h3 >15%<\/h3><\/div><div class=\"nectar-split-heading  font_size_0-8vw font_size_tablet_16px font_size_phone_13px font_line_height_1-5\" data-align=\"default\" data-m-align=\"inherit\" data-text-effect=\"default\" data-animation-type=\"line-reveal-by-space\" data-animation-delay=\"300\" data-animation-offset=\"\" data-m-rm-animation=\"\" data-stagger=\"true\" data-custom-font-size=\"true\" style=\"font-size: 0.8vw; line-height: 0.88vw;\"><p style=\"max-width: 60%;\">Reduction in maintenance costs<\/p><\/div>\n\t\t<\/div> \n\t<\/div>\n\t<\/div> \n\n\t<div  class=\"vc_col-sm-3 wpb_column column_container vc_column_container col child_column no-extra-padding inherit_tablet inherit_phone\"   data-padding-pos=\"all\" data-has-bg-color=\"false\" data-bg-color=\"\" data-bg-opacity=\"1\" data-animation=\"\" data-delay=\"0\" >\n\t\t<div class=\"vc_column-inner\" >\n\t\t<div class=\"wpb_wrapper\">\n\t\t\t<div class=\"nectar-split-heading  font_size_2-5vw font_line_height_1px\" data-align=\"default\" data-m-align=\"inherit\" data-text-effect=\"default\" data-animation-type=\"line-reveal-by-space\" data-animation-delay=\"200\" data-animation-offset=\"\" data-m-rm-animation=\"\" data-stagger=\"\" data-custom-font-size=\"true\" style=\"font-size: 2.5vw; line-height: 2.75vw;\"><h3 >10%<\/h3><\/div><div class=\"nectar-split-heading  font_size_0-8vw font_size_tablet_16px font_size_phone_13px font_line_height_1-5\" data-align=\"default\" data-m-align=\"inherit\" data-text-effect=\"default\" data-animation-type=\"line-reveal-by-space\" data-animation-delay=\"300\" data-animation-offset=\"\" data-m-rm-animation=\"\" data-stagger=\"true\" data-custom-font-size=\"true\" style=\"font-size: 0.8vw; line-height: 0.88vw;\"><p style=\"max-width: 60%;\">Reduction in stockouts<\/p><\/div>\n\t\t<\/div> \n\t<\/div>\n\t<\/div> \n\n\t<div  class=\"vc_col-sm-3 wpb_column column_container vc_column_container col child_column no-extra-padding inherit_tablet inherit_phone\"   data-padding-pos=\"all\" data-has-bg-color=\"false\" data-bg-color=\"\" data-bg-opacity=\"1\" data-animation=\"\" data-delay=\"0\" >\n\t\t<div class=\"vc_column-inner\" >\n\t\t<div class=\"wpb_wrapper\">\n\t\t\t<div class=\"nectar-split-heading  font_size_2-5vw font_line_height_1px\" data-align=\"default\" data-m-align=\"inherit\" data-text-effect=\"default\" data-animation-type=\"line-reveal-by-space\" data-animation-delay=\"200\" data-animation-offset=\"\" data-m-rm-animation=\"\" data-stagger=\"\" data-custom-font-size=\"true\" style=\"font-size: 2.5vw; line-height: 2.75vw;\"><h3 >15%<\/h3><\/div><div class=\"nectar-split-heading  font_size_0-8vw font_size_tablet_16px font_size_phone_13px font_line_height_1-5\" data-align=\"default\" data-m-align=\"inherit\" data-text-effect=\"default\" data-animation-type=\"line-reveal-by-space\" data-animation-delay=\"300\" data-animation-offset=\"\" data-m-rm-animation=\"\" data-stagger=\"true\" data-custom-font-size=\"true\" style=\"font-size: 0.8vw; line-height: 0.88vw;\"><p style=\"max-width: 60%;\">Increase in sales<\/p><\/div>\n\t\t<\/div> \n\t<\/div>\n\t<\/div> \n<\/div><\/div>\n\t\t\t<\/div> \n\t\t<\/div>\n\t<\/div> \n\n\t<div  class=\"vc_col-sm-2 wpb_column column_container vc_column_container col no-extra-padding inherit_tablet inherit_phone\"  data-padding-pos=\"all\" data-has-bg-color=\"false\" data-bg-color=\"\" data-bg-opacity=\"1\" data-animation=\"\" data-delay=\"0\" >\n\t\t<div class=\"vc_column-inner\" >\n\t\t\t<div class=\"wpb_wrapper\">\n\t\t\t\t\n\t\t\t<\/div> \n\t\t<\/div>\n\t<\/div> \n<\/div><\/div>","protected":false},"excerpt":{"rendered":"Revolucionando la Eficiencia: El \u00c9xito de Montemar e Hijos con P4 Books y P4 Warehouse Montemar es una empresa de productos de limpieza en Panam\u00e1. Ofrece dispensadores autom\u00e1ticos de alcohol...","protected":false},"author":1,"featured_media":0,"parent":0,"menu_order":0,"comment_status":"closed","ping_status":"closed","template":"","meta":{"footnotes":""},"class_list":["post-4858","page","type-page","status-publish"],"aioseo_notices":[],"_links":{"self":[{"href":"https:\/\/nerv-corp.com\/en\/wp-json\/wp\/v2\/pages\/4858","targetHints":{"allow":["GET"]}}],"collection":[{"href":"https:\/\/nerv-corp.com\/en\/wp-json\/wp\/v2\/pages"}],"about":[{"href":"https:\/\/nerv-corp.com\/en\/wp-json\/wp\/v2\/types\/page"}],"author":[{"embeddable":true,"href":"https:\/\/nerv-corp.com\/en\/wp-json\/wp\/v2\/users\/1"}],"replies":[{"embeddable":true,"href":"https:\/\/nerv-corp.com\/en\/wp-json\/wp\/v2\/comments?post=4858"}],"version-history":[{"count":13,"href":"https:\/\/nerv-corp.com\/en\/wp-json\/wp\/v2\/pages\/4858\/revisions"}],"predecessor-version":[{"id":4883,"href":"https:\/\/nerv-corp.com\/en\/wp-json\/wp\/v2\/pages\/4858\/revisions\/4883"}],"wp:attachment":[{"href":"https:\/\/nerv-corp.com\/en\/wp-json\/wp\/v2\/media?parent=4858"}],"curies":[{"name":"wp","href":"https:\/\/api.w.org\/{rel}","templated":true}]}}