{"id":19921,"date":"2025-07-24T17:22:56","date_gmt":"2025-07-24T22:22:56","guid":{"rendered":"https:\/\/nerv-corp.com\/?page_id=19921"},"modified":"2025-07-24T17:57:31","modified_gmt":"2025-07-24T22:57:31","slug":"bizalmi-kozpont","status":"publish","type":"page","link":"https:\/\/nerv-corp.com\/hu\/bizalmi-kozpont\/","title":{"rendered":"Trust K\u00f6zpont"},"content":{"rendered":"<div id=\"benefits\"  data-column-margin=\"default\" data-midnight=\"dark\" data-top-percent=\"5%\" data-bottom-percent=\"7%\"  class=\"wpb_row vc_row-fluid vc_row full-width-content vc_row-o-equal-height vc_row-flex vc_row-o-content-middle  right_padding_7pct left_padding_7pct\"  style=\"padding-top: calc(100vw * 0.05); padding-bottom: calc(100vw * 0.07); \"><div class=\"row-bg-wrap\" data-bg-animation=\"none\" data-bg-animation-delay=\"\" data-bg-overlay=\"false\"><div class=\"inner-wrap row-bg-layer\" ><div class=\"row-bg viewport-desktop using-bg-color\"  style=\"background-color: #ffffff; \"><\/div><\/div><\/div><div class=\"row_col_wrap_12 col span_12 dark left\">\n\t<div  class=\"vc_col-sm-8 wpb_column column_container vc_column_container col no-extra-padding column_position_relative el_spacing_0px inherit_tablet inherit_phone\"  data-overlay-color=\"true\" data-padding-pos=\"all\" data-has-bg-color=\"false\" data-bg-color=\"\" data-bg-opacity=\"1\" data-animation=\"\" data-delay=\"0\" >\n\t\t<div class=\"vc_column-inner\" ><div class=\"column-bg-overlay-wrap column-bg-layer\" data-bg-animation=\"none\"><div class=\"column-bg-overlay\"><\/div><div class=\"column-overlay-layer\" style=\"\"><\/div><\/div>\n\t\t\t<div class=\"wpb_wrapper\">\n\t\t\t\t\n<div class=\"wpb_text_column wpb_content_element\" >\n\t<div class=\"wpb_wrapper\">\n\t\t<h2 class=\"text-xl font-bold text-text-100 mt-1 -mb-0.5\">Trust K\u00f6zpont<\/h2>\n<h3 class=\"text-lg font-bold text-text-100 mt-1 -mb-1.5\">Biztons\u00e1gi \u00edg\u00e9ret\u00fcnk<\/h3>\n<p class=\"whitespace-normal break-words\">A NERV Corporationn\u00e9l a biztons\u00e1g \u00e9s a bizalom alapvet\u0151 fontoss\u00e1g\u00fa minden tev\u00e9kenys\u00e9g\u00fcnkben. Bizalmi k\u00f6zpontunk teljes \u00e1tl\u00e1that\u00f3s\u00e1got biztos\u00edt biztons\u00e1gi, adatv\u00e9delmi \u00e9s megfelel\u0151s\u00e9gi gyakorlatainkr\u00f3l.<\/p>\n<h3 class=\"text-lg font-bold text-text-100 mt-1 -mb-1.5\">Adatbiztons\u00e1g<\/h3>\n<p class=\"whitespace-normal break-words\"><strong>Biztons\u00e1gos infrastrukt\u00fara:<\/strong><\/p>\n<ul class=\"&#091;&amp;:not(:last-child)_ul&#093;:pb-1 &#091;&amp;:not(:last-child)_ol&#093;:pb-1 list-disc space-y-1.5 pl-7\">\n<li class=\"whitespace-normal break-words\">Min\u0151s\u00edtett adatk\u00f6zpontok robusztus fizikai int\u00e9zked\u00e9sekkel<\/li>\n<li class=\"whitespace-normal break-words\">AES-256 titkos\u00edt\u00e1s a nyugv\u00f3 \u00e9s a tranzitadatok sz\u00e1m\u00e1ra<\/li>\n<li class=\"whitespace-normal break-words\">Szegment\u00e1lt h\u00e1l\u00f3zati architekt\u00fara fejlett t\u0171zfalakkal<\/li>\n<li class=\"whitespace-normal break-words\">A fenyeget\u00e9sek \u00e9s sebezhet\u0151s\u00e9gek 24\/7-es figyel\u00e9se<\/li>\n<\/ul>\n<p class=\"whitespace-normal break-words\"><strong>Hozz\u00e1f\u00e9r\u00e9s-ellen\u0151rz\u00e9s:<\/strong><\/p>\n<ul class=\"&#091;&amp;:not(:last-child)_ul&#093;:pb-1 &#091;&amp;:not(:last-child)_ol&#093;:pb-1 list-disc space-y-1.5 pl-7\">\n<li class=\"whitespace-normal break-words\">K\u00f6telez\u0151 t\u00f6bbfaktoros hiteles\u00edt\u00e9s<\/li>\n<li class=\"whitespace-normal break-words\">A legkisebb kiv\u00e1lts\u00e1g elve<\/li>\n<li class=\"whitespace-normal break-words\">A hozz\u00e1f\u00e9r\u00e9si enged\u00e9lyek rendszeres fel\u00fclvizsg\u00e1lata<\/li>\n<li class=\"whitespace-normal break-words\">Teljes ellen\u0151rz\u00e9si nyomvonal<\/li>\n<\/ul>\n<h3 class=\"text-lg font-bold text-text-100 mt-1 -mb-1.5\">Tan\u00fas\u00edtv\u00e1nyok \u00e9s megfelel\u0151s\u00e9g<\/h3>\n<p class=\"whitespace-normal break-words\"><strong>Nemzetk\u00f6zi szabv\u00e1nyok:<\/strong><\/p>\n<ul class=\"&#091;&amp;:not(:last-child)_ul&#093;:pb-1 &#091;&amp;:not(:last-child)_ol&#093;:pb-1 list-disc space-y-1.5 pl-7\">\n<li class=\"whitespace-normal break-words\">SOC 2 Type II - Biztons\u00e1gi \u00e9s rendelkez\u00e9sre \u00e1ll\u00e1si ellen\u0151rz\u00e9sek<\/li>\n<li class=\"whitespace-normal break-words\">PCI DSS 1. szint\u0171 tan\u00fas\u00edt\u00e1s a fizet\u00e9si m\u0171veletek feldolgoz\u00e1s\u00e1hoz<\/li>\n<\/ul>\n<p class=\"whitespace-normal break-words\"><strong>Rendszeres ellen\u0151rz\u00e9sek:<\/strong><\/p>\n<ul class=\"&#091;&amp;:not(:last-child)_ul&#093;:pb-1 &#091;&amp;:not(:last-child)_ol&#093;:pb-1 list-disc space-y-1.5 pl-7\">\n<li class=\"whitespace-normal break-words\">Negyed\u00e9ves behatol\u00e1si tesztek<\/li>\n<li class=\"whitespace-normal break-words\">Folyamatos sebezhet\u0151s\u00e9gi \u00e9rt\u00e9kel\u00e9sek<\/li>\n<li class=\"whitespace-normal break-words\">Havi bels\u0151 biztons\u00e1gi fel\u00fclvizsg\u00e1latok<\/li>\n<\/ul>\n<h3 class=\"text-lg font-bold text-text-100 mt-1 -mb-1.5\">Adatv\u00e9delem \u00e9s adatv\u00e9delem<\/h3>\n<p class=\"whitespace-normal break-words\"><strong>Adatv\u00e9delmi alapelvek:<\/strong><\/p>\n<ul class=\"&#091;&amp;:not(:last-child)_ul&#093;:pb-1 &#091;&amp;:not(:last-child)_ol&#093;:pb-1 list-disc space-y-1.5 pl-7\">\n<li class=\"whitespace-normal break-words\">Adatminimaliz\u00e1l\u00e1s - Csak azt gy\u0171jtj\u00fck, amit sz\u00fcks\u00e9ges.<\/li>\n<li class=\"whitespace-normal break-words\">\u00c1tl\u00e1that\u00f3s\u00e1g az adatfeldolgoz\u00e1sban<\/li>\n<li class=\"whitespace-normal break-words\">Felhaszn\u00e1l\u00f3i ellen\u0151rz\u00e9s a szem\u00e9lyes adatok felett<\/li>\n<li class=\"whitespace-normal break-words\">Tervezett \u00e9s alap\u00e9rtelmezett v\u00e9delem<\/li>\n<\/ul>\n<p class=\"whitespace-normal break-words\"><strong>Adatkezel\u00e9s:<\/strong><\/p>\n<ul class=\"&#091;&amp;:not(:last-child)_ul&#093;:pb-1 &#091;&amp;:not(:last-child)_ol&#093;:pb-1 list-disc space-y-1.5 pl-7\">\n<li class=\"whitespace-normal break-words\">V\u00e9gpontok k\u00f6z\u00f6tti titkos\u00edt\u00e1s<\/li>\n<li class=\"whitespace-normal break-words\">Anonimiz\u00e1l\u00e1s, ahol lehets\u00e9ges<\/li>\n<li class=\"whitespace-normal break-words\">Korl\u00e1tozott meg\u0151rz\u00e9s a meg\u00e1llap\u00edtott politik\u00e1knak megfelel\u0151en<\/li>\n<li class=\"whitespace-normal break-words\">Biztons\u00e1gos adatt\u00f6rl\u00e9s<\/li>\n<\/ul>\n<h3 class=\"text-lg font-bold text-text-100 mt-1 -mb-1.5\">Incidensre adott v\u00e1lasz<\/h3>\n<p class=\"whitespace-normal break-words\"><strong>El\u0151k\u00e9sz\u00edt\u00e9s:<\/strong><\/p>\n<ul class=\"&#091;&amp;:not(:last-child)_ul&#093;:pb-1 &#091;&amp;:not(:last-child)_ol&#093;:pb-1 list-disc space-y-1.5 pl-7\">\n<li class=\"whitespace-normal break-words\">Tesztelt \u00e9s friss\u00edtett incidensreag\u00e1l\u00e1si terv<\/li>\n<li class=\"whitespace-normal break-words\">Szakk\u00e9pzett csapat 24\/7 el\u00e9rhet\u0151<\/li>\n<li class=\"whitespace-normal break-words\">Vil\u00e1gosan meghat\u00e1rozott eszkal\u00e1ci\u00f3s elj\u00e1r\u00e1sok<\/li>\n<li class=\"whitespace-normal break-words\">\u00c1tl\u00e1that\u00f3 kommunik\u00e1ci\u00f3 az \u00e9rintett \u00fcgyfelekkel<\/li>\n<\/ul>\n<p class=\"whitespace-normal break-words\"><strong>V\u00e1laszad\u00e1si folyamat:<\/strong><\/p>\n<ol class=\"&#091;&amp;:not(:last-child)_ul&#093;:pb-1 &#091;&amp;:not(:last-child)_ol&#093;:pb-1 list-decimal space-y-1.5 pl-7\">\n<li class=\"whitespace-normal break-words\">Azonnali \u00e9szlel\u00e9s \u00e9s elemz\u00e9s<\/li>\n<li class=\"whitespace-normal break-words\">Elszigetel\u00e9s \u00e9s felsz\u00e1mol\u00e1s<\/li>\n<li class=\"whitespace-normal break-words\">A balesetet k\u00f6vet\u0151 helyre\u00e1ll\u00edt\u00e1s \u00e9s nyomon k\u00f6vet\u00e9s<\/li>\n<li class=\"whitespace-normal break-words\">Tanuls\u00e1gok \u00e9s fejleszt\u00e9sek<\/li>\n<\/ol>\n<h3 class=\"text-lg font-bold text-text-100 mt-1 -mb-1.5\">\u00dczletmenet-folytonoss\u00e1g<\/h3>\n<p class=\"whitespace-normal break-words\"><strong>Nagyfok\u00fa rendelkez\u00e9sre \u00e1ll\u00e1s:<\/strong><\/p>\n<ul class=\"&#091;&amp;:not(:last-child)_ul&#093;:pb-1 &#091;&amp;:not(:last-child)_ol&#093;:pb-1 list-disc space-y-1.5 pl-7\">\n<li class=\"whitespace-normal break-words\">Redund\u00e1ns architekt\u00fara t\u00f6bb adatk\u00f6zponttal<\/li>\n<li class=\"whitespace-normal break-words\">Automatiz\u00e1lt \u00e9s rendszeresen tesztelt biztons\u00e1gi ment\u00e9sek<\/li>\n<li class=\"whitespace-normal break-words\">Garant\u00e1lt 99,9% rendelkez\u00e9sre \u00e1ll\u00e1sid\u0151<\/li>\n<li class=\"whitespace-normal break-words\">Katasztr\u00f3fa ut\u00e1ni helyre\u00e1ll\u00edt\u00e1si elj\u00e1r\u00e1sok<\/li>\n<\/ul>\n<p class=\"whitespace-normal break-words\"><strong>Kock\u00e1zatkezel\u00e9s:<\/strong><\/p>\n<ul class=\"&#091;&amp;:not(:last-child)_ul&#093;:pb-1 &#091;&amp;:not(:last-child)_ol&#093;:pb-1 list-disc space-y-1.5 pl-7\">\n<li class=\"whitespace-normal break-words\">Rendszeres v\u00e1llalati kock\u00e1zat\u00e9rt\u00e9kel\u00e9s<\/li>\n<li class=\"whitespace-normal break-words\">Friss\u00edtett v\u00e9szhelyzeti tervek<\/li>\n<li class=\"whitespace-normal break-words\">\u00c1tfog\u00f3 kiberbiztons\u00e1gi biztos\u00edt\u00e1s<\/li>\n<li class=\"whitespace-normal break-words\">Folyamatos fenyeget\u00e9sfigyel\u00e9s<\/li>\n<\/ul>\n<h3 class=\"text-lg font-bold text-text-100 mt-1 -mb-1.5\">Besz\u00e1ll\u00edt\u00f3i menedzsment<\/h3>\n<p class=\"whitespace-normal break-words\"><strong>Harmadik f\u00e9l \u00e9rt\u00e9kel\u00e9se:<\/strong><\/p>\n<ul class=\"&#091;&amp;:not(:last-child)_ul&#093;:pb-1 &#091;&amp;:not(:last-child)_ol&#093;:pb-1 list-disc space-y-1.5 pl-7\">\n<li class=\"whitespace-normal break-words\">Szigor\u00fa \u00e1tvil\u00e1g\u00edt\u00e1s a szerz\u0151d\u00e9sk\u00f6t\u00e9s el\u0151tt<\/li>\n<li class=\"whitespace-normal break-words\">A kritikus besz\u00e1ll\u00edt\u00f3k rendszeres ellen\u0151rz\u00e9se<\/li>\n<li class=\"whitespace-normal break-words\">Folyamatos megfelel\u0151s\u00e9g-ellen\u0151rz\u00e9s<\/li>\n<\/ul>\n<h3 class=\"text-lg font-bold text-text-100 mt-1 -mb-1.5\">\u00c1tl\u00e1that\u00f3s\u00e1g az esem\u00e9nyekben<\/h3>\n<p class=\"whitespace-normal break-words\"><strong>Proakt\u00edv kommunik\u00e1ci\u00f3:<\/strong><\/p>\n<ul class=\"&#091;&amp;:not(:last-child)_ul&#093;:pb-1 &#091;&amp;:not(:last-child)_ol&#093;:pb-1 list-disc space-y-1.5 pl-7\">\n<li class=\"whitespace-normal break-words\">Azonnali \u00e9rtes\u00edt\u00e9s a biztons\u00e1gi esem\u00e9nyekr\u0151l<\/li>\n<li class=\"whitespace-normal break-words\">Rendszeres friss\u00edt\u00e9sek a felbont\u00e1s sor\u00e1n<\/li>\n<li class=\"whitespace-normal break-words\">R\u00e9szletes jelent\u00e9sek a balesetet k\u00f6vet\u0151en<\/li>\n<li class=\"whitespace-normal break-words\">Val\u00f3s idej\u0171 szolg\u00e1ltat\u00e1si st\u00e1tusz port\u00e1l<\/li>\n<\/ul>\n<h3 class=\"text-lg font-bold text-text-100 mt-1 -mb-1.5\">K\u00e9pz\u00e9s \u00e9s tudatoss\u00e1g<\/h3>\n<p class=\"whitespace-normal break-words\"><strong>Biztons\u00e1gi program:<\/strong><\/p>\n<ul class=\"&#091;&amp;:not(:last-child)_ul&#093;:pb-1 &#091;&amp;:not(:last-child)_ol&#093;:pb-1 list-disc space-y-1.5 pl-7\">\n<li class=\"whitespace-normal break-words\">K\u00f6telez\u0151 k\u00e9pz\u00e9s minden alkalmazott sz\u00e1m\u00e1ra<\/li>\n<li class=\"whitespace-normal break-words\">Rendszeres adathal\u00e1sz gyakorlatok<\/li>\n<li class=\"whitespace-normal break-words\">Friss\u00edt\u00e9sek az \u00faj fenyeget\u00e9sekr\u0151l<\/li>\n<\/ul>\n<h3 class=\"text-lg font-bold text-text-100 mt-1 -mb-1.5\">El\u00e9rhet\u0151 dokument\u00e1ci\u00f3<\/h3>\n<p class=\"whitespace-normal break-words\"><strong>Let\u00f6lthet\u0151 forr\u00e1sok:<\/strong><\/p>\n<ul class=\"&#091;&amp;:not(:last-child)_ul&#093;:pb-1 &#091;&amp;:not(:last-child)_ol&#093;:pb-1 list-disc space-y-1.5 pl-7\">\n<li class=\"whitespace-normal break-words\">Biztons\u00e1gi feh\u00e9r k\u00f6nyvek<\/li>\n<li class=\"whitespace-normal break-words\">Legjobb gyakorlatok \u00fatmutat\u00f3i<\/li>\n<\/ul>\n<h3 class=\"text-lg font-bold text-text-100 mt-1 -mb-1.5\">\u00dcgyf\u00e9lkapu<\/h3>\n<p class=\"whitespace-normal break-words\"><strong>Szem\u00e9lyre szabott hozz\u00e1f\u00e9r\u00e9s:<\/strong><\/p>\n<ul class=\"&#091;&amp;:not(:last-child)_ul&#093;:pb-1 &#091;&amp;:not(:last-child)_ol&#093;:pb-1 list-disc space-y-1.5 pl-7\">\n<li class=\"whitespace-normal break-words\">\u00dcgyf\u00e9lspecifikus biztons\u00e1gi m\u0171szerfal<\/li>\n<li class=\"whitespace-normal break-words\">R\u00e9szletes ellen\u0151rz\u00e9si nyomvonalak<\/li>\n<li class=\"whitespace-normal break-words\">Testreszabott biztons\u00e1gi riaszt\u00e1sok<\/li>\n<li class=\"whitespace-normal break-words\">K\u00fcl\u00f6nleges megfelel\u00e9si dokumentumok<\/li>\n<\/ul>\n<h3 class=\"text-lg font-bold text-text-100 mt-1 -mb-1.5\">Biztons\u00e1gi csapat kapcsolattart\u00f3<\/h3>\n<p class=\"whitespace-normal break-words\">Biztons\u00e1gi \u00e9s megfelel\u0151s\u00e9ggel kapcsolatos k\u00e9rd\u00e9sek eset\u00e9n:<\/p>\n<ul class=\"&#091;&amp;:not(:last-child)_ul&#093;:pb-1 &#091;&amp;:not(:last-child)_ol&#093;:pb-1 list-disc space-y-1.5 pl-7\">\n<li style=\"list-style-type: none;\">\n<ul class=\"&#091;&amp;:not(:last-child)_ul&#093;:pb-1 &#091;&amp;:not(:last-child)_ol&#093;:pb-1 list-disc space-y-1.5 pl-7\">\n<li class=\"whitespace-normal break-words\"><strong>Biztons\u00e1gi e-mail:<\/strong> <a class=\"underline\" href=\"mailto:security@nervcorp.co\">security@nervcorp.co<\/a><\/li>\n<li class=\"whitespace-normal break-words\"><strong>Jelentse az incidenseket:<\/strong> <a class=\"underline\" href=\"mailto:incident@nervcorp.co\">incident@nervcorp.co<\/a><\/li>\n<li class=\"whitespace-normal break-words\"><strong>Megfelel\u00e9s:<\/strong> <a class=\"underline\" href=\"mailto:compliance@nervcorp.co\">compliance@nervcorp.co<\/a><\/li>\n<\/ul>\n<\/li>\n<\/ul>\n<p>&nbsp;<\/p>\n<p class=\"whitespace-normal break-words\"><strong>Fizikai c\u00edm:<\/strong> NERV Corporation Betnaia, La Paz Avenue Panama City, Panama Tel: +507 833 5115<\/p>\n<h3 class=\"text-lg font-bold text-text-100 mt-1 -mb-1.5\">Trust Centre friss\u00edt\u00e9sek<\/h3>\n<p class=\"whitespace-normal break-words\">Ezt a Bizalmi K\u00f6zpontot rendszeresen friss\u00edtj\u00fck, hogy t\u00fckr\u00f6zze az aktu\u00e1lis biztons\u00e1gi gyakorlatainkat \u00e9s az \u00faj tan\u00fas\u00edtv\u00e1nyokat. A legut\u00f3bbi friss\u00edt\u00e9s 2025 j\u00falius\u00e1ban t\u00f6rt\u00e9nt.<\/p>\n<p class=\"whitespace-normal break-words\"><strong>V\u00e1ltoz\u00e1s t\u00f6rt\u00e9nete:<\/strong><\/p>\n<ul class=\"&#091;&amp;:not(:last-child)_ul&#093;:pb-1 &#091;&amp;:not(:last-child)_ol&#093;:pb-1 list-disc space-y-1.5 pl-7\">\n<li class=\"whitespace-normal break-words\">2025. j\u00falius: A Bizalomk\u00f6zpont kezdeti elind\u00edt\u00e1sa<\/li>\n<li class=\"whitespace-normal break-words\">\u00daj titkos\u00edt\u00e1si ellen\u0151rz\u00e9sek v\u00e9grehajt\u00e1sa<\/li>\n<\/ul>\n\t<\/div>\n<\/div>\n\n\n\n\n\t\t\t<\/div> \n\t\t<\/div>\n\t<\/div> \n\n\t<div style=\"\" class=\"vc_col-sm-4 wpb_column column_container vc_column_container col column_position_static el_spacing_30px backdrop_filter_blur backdrop_blur_9 left_padding_desktop_7vw\" data-using-bg=\"true\" data-padding-pos=\"all\" data-has-bg-color=\"true\" data-bg-color=\"rgba(244,244,244,0.4)\" data-bg-opacity=\"1\" data-hover-bg=\"#ffffff\" data-hover-bg-opacity=\"1\" data-animation=\"\" data-delay=\"0\" >\n\t\t<div class=\"vc_column-inner\" ><div class=\"column-bg-overlay-wrap column-bg-layer\" data-bg-animation=\"none\"><div class=\"column-bg-overlay\" style=\"opacity: 1; background-color: rgba(244,244,244,0.4);\"><\/div><\/div>\n\t\t\t<div class=\"wpb_wrapper\">\n\t\t\t\t<div id=\"#demo\" data-midnight=\"\" data-column-margin=\"none\" class=\"wpb_row vc_row-fluid vc_row inner_row vc_row-o-content-middle right_padding_5pct top_padding_tablet_8pct\"  style=\"\"><div class=\"row-bg-wrap\"> <div class=\"row-bg\" ><\/div> <\/div><div class=\"row_col_wrap_12_inner col span_12  left\">\n\t<div  class=\"vc_col-sm-12 wpb_column column_container vc_column_container col child_column no-extra-padding inherit_tablet inherit_phone\"   data-padding-pos=\"all\" data-has-bg-color=\"false\" data-bg-color=\"\" data-bg-opacity=\"1\" data-animation=\"\" data-delay=\"0\" >\n\t\t<div class=\"vc_column-inner\" >\n\t\t<div class=\"wpb_wrapper\">\n\t\t\t\n\t\t<\/div> \n\t<\/div>\n\t<\/div> \n<\/div><\/div>\n\t\t\t<\/div> \n\t\t<\/div>\n\t<\/div> \n<\/div><\/div>","protected":false},"excerpt":{"rendered":"Centro de Confianza Nuestra Promesa de Seguridad En NERV Corporation, la seguridad y confianza son fundamentales para todo lo que hacemos. Nuestro Centro de Confianza proporciona transparencia total sobre nuestras...","protected":false},"author":1,"featured_media":0,"parent":0,"menu_order":0,"comment_status":"closed","ping_status":"open","template":"","meta":{"footnotes":""},"class_list":["post-19921","page","type-page","status-publish"],"aioseo_notices":[],"_links":{"self":[{"href":"https:\/\/nerv-corp.com\/hu\/wp-json\/wp\/v2\/pages\/19921","targetHints":{"allow":["GET"]}}],"collection":[{"href":"https:\/\/nerv-corp.com\/hu\/wp-json\/wp\/v2\/pages"}],"about":[{"href":"https:\/\/nerv-corp.com\/hu\/wp-json\/wp\/v2\/types\/page"}],"author":[{"embeddable":true,"href":"https:\/\/nerv-corp.com\/hu\/wp-json\/wp\/v2\/users\/1"}],"replies":[{"embeddable":true,"href":"https:\/\/nerv-corp.com\/hu\/wp-json\/wp\/v2\/comments?post=19921"}],"version-history":[{"count":5,"href":"https:\/\/nerv-corp.com\/hu\/wp-json\/wp\/v2\/pages\/19921\/revisions"}],"predecessor-version":[{"id":19928,"href":"https:\/\/nerv-corp.com\/hu\/wp-json\/wp\/v2\/pages\/19921\/revisions\/19928"}],"wp:attachment":[{"href":"https:\/\/nerv-corp.com\/hu\/wp-json\/wp\/v2\/media?parent=19921"}],"curies":[{"name":"wp","href":"https:\/\/api.w.org\/{rel}","templated":true}]}}