{"id":4974,"date":"2024-03-13T10:17:12","date_gmt":"2024-03-13T15:17:12","guid":{"rendered":"https:\/\/nerv-corp.com\/?page_id=4974"},"modified":"2024-03-13T10:33:54","modified_gmt":"2024-03-13T15:33:54","slug":"sikertortenetek-la-fabrica-de-velas-la-soledad-gyertyagyar","status":"publish","type":"page","link":"https:\/\/nerv-corp.com\/hu\/sikertortenetek-la-fabrica-de-velas-la-soledad-gyertyagyar\/","title":{"rendered":"Sikert\u00f6rt\u00e9netek: La F\u00e1brica de Velas La Soledad gyertyagy\u00e1r"},"content":{"rendered":"<div id=\"enhance\"  data-column-margin=\"default\" data-midnight=\"light\" data-top-percent=\"10%\" data-bottom-percent=\"10%\"  class=\"wpb_row vc_row-fluid vc_row full-width-section parallax_section\"  style=\"padding-top: calc(100vw * 0.10); padding-bottom: calc(100vw * 0.10); \"><div class=\"row-bg-wrap\" data-bg-animation=\"none\" data-bg-animation-delay=\"\" data-bg-overlay=\"false\"><div class=\"inner-wrap row-bg-layer using-image\" ><div class=\"row-bg viewport-desktop using-image\" data-parallax-speed=\"fast\" style=\"background-image: url(https:\/\/nerv-corp.com\/wp-content\/uploads\/2024\/03\/lots-small-candles-catholic-church-2.webp); background-position: left center; background-repeat: no-repeat; \"><\/div><\/div><div class=\"row-bg-overlay row-bg-layer\" style=\"background:linear-gradient(80deg, rgb(0,0,0) 9%, rgba(243,243,243,0) 54%);\"><\/div><\/div><div class=\"row_col_wrap_12 col span_12 light left\">\n\t<div  class=\"vc_col-sm-8 wpb_column column_container vc_column_container col no-extra-padding inherit_tablet inherit_phone\"  data-padding-pos=\"all\" data-has-bg-color=\"false\" data-bg-color=\"\" data-bg-opacity=\"1\" data-animation=\"\" data-delay=\"0\" >\n\t\t<div class=\"vc_column-inner\" >\n\t\t\t<div class=\"wpb_wrapper\">\n\t\t\t\t<div id=\"fws_69e107ee18deb\" data-midnight=\"\" data-column-margin=\"default\" class=\"wpb_row vc_row-fluid vc_row inner_row\"  style=\"\"><div class=\"row-bg-wrap\"> <div class=\"row-bg\" ><\/div> <\/div><div class=\"row_col_wrap_12_inner col span_12  left\">\n\t<div  class=\"vc_col-sm-12 wpb_column column_container vc_column_container col child_column no-extra-padding inherit_tablet inherit_phone\"   data-padding-pos=\"all\" data-has-bg-color=\"false\" data-bg-color=\"\" data-bg-opacity=\"1\" data-animation=\"\" data-delay=\"0\" >\n\t\t<div class=\"vc_column-inner\" >\n\t\t<div class=\"wpb_wrapper\">\n\t\t\t\n<div class=\"wpb_text_column wpb_content_element  vc_custom_1710297873094\" >\n\t<div class=\"wpb_wrapper\">\n\t\t<h5>Forradalmi hat\u00e9konys\u00e1g:<\/h5>\n\t<\/div>\n<\/div>\n\n\n\n<div class=\"nectar-highlighted-text\" data-style=\"half_text\" data-exp=\"default\" data-using-custom-color=\"true\" data-animation-delay=\"false\" data-color=\"#fda13c\" data-color-gradient=\"\" style=\"\"><h2>La Soledad gyertyagy\u00e1r<\/h2>\n<\/div>\n<div class=\"wpb_text_column wpb_content_element\" >\n\t<div class=\"wpb_wrapper\">\n\t\t<p><img loading=\"lazy\" decoding=\"async\" class=\"alignnone wp-image-4982 size-medium\" src=\"https:\/\/nerv-corp.com\/wp-content\/uploads\/2024\/03\/velas-trans-5-300x180.webp\" alt=\"\" width=\"300\" height=\"180\" srcset=\"https:\/\/nerv-corp.com\/wp-content\/uploads\/2024\/03\/velas-trans-5-300x180.webp 300w, https:\/\/nerv-corp.com\/wp-content\/uploads\/2024\/03\/velas-trans-5-18x12.webp 18w, https:\/\/nerv-corp.com\/wp-content\/uploads\/2024\/03\/velas-trans-5.webp 500w\" sizes=\"auto, (max-width: 300px) 100vw, 300px\" \/><\/p>\n\t<\/div>\n<\/div>\n\n\n\n<div class=\"nectar-split-heading\" data-align=\"default\" data-m-align=\"inherit\" data-text-effect=\"default\" data-animation-type=\"line-reveal-by-space\" data-animation-delay=\"0\" data-animation-offset=\"\" data-m-rm-animation=\"\" data-stagger=\"\" data-custom-font-size=\"false\" ><h5 >A panamai kiv\u00e1l\u00f3s\u00e1g\u00e1\u00e9rt elismert La Soledad gyertyagy\u00e1r a P4 Warehouse \u00e9s a P4 Books integr\u00e1l\u00e1s\u00e1val optimaliz\u00e1lja logisztik\u00e1j\u00e1t \u00e9s \u00fczletvitel\u00e9t. Ez a szinergia a fejlett technol\u00f3gia \u00e9s az illatos gyerty\u00e1k gy\u00e1rt\u00e1si hagyom\u00e1nyai k\u00f6z\u00f6tt j\u00f3l p\u00e9ld\u00e1zza, hogy az innov\u00e1ci\u00f3 mik\u00e9nt vezeti a sikert a mai piacon.<\/h5><\/div>\n\t\t<\/div> \n\t<\/div>\n\t<\/div> \n<\/div><\/div><div class=\"divider-wrap\" data-alignment=\"default\"><div  data-width=\"100%\" data-animate=\"\" data-animation-delay=\"\" data-color=\"default\" class=\"divider-border\"><\/div><\/div>\n\t\t\t<\/div> \n\t\t<\/div>\n\t<\/div> \n\n\t<div  class=\"vc_col-sm-4 wpb_column column_container vc_column_container col no-extra-padding inherit_tablet inherit_phone\"  data-padding-pos=\"all\" data-has-bg-color=\"false\" data-bg-color=\"\" data-bg-opacity=\"1\" data-animation=\"\" data-delay=\"0\" >\n\t\t<div class=\"vc_column-inner\" >\n\t\t\t<div class=\"wpb_wrapper\">\n\t\t\t\t\n\t\t\t<\/div> \n\t\t<\/div>\n\t<\/div> \n<\/div><\/div>\n\t\t<div id=\"fws_69e107ee1a357\"  data-column-margin=\"default\" data-midnight=\"dark\"  class=\"wpb_row vc_row-fluid vc_row full-width-section\"  style=\"padding-top: 0px; padding-bottom: 0px; \"><div class=\"row-bg-wrap\" data-bg-animation=\"none\" data-bg-animation-delay=\"\" data-bg-overlay=\"false\"><div class=\"inner-wrap row-bg-layer\" ><div class=\"row-bg viewport-desktop using-bg-color\"  style=\"background-color: #f9f9f9; \"><\/div><\/div><\/div><div class=\"row_col_wrap_12 col span_12 dark left\">\n\t<div  class=\"vc_col-sm-12 wpb_column column_container vc_column_container col padding-1-percent inherit_tablet inherit_phone\"  data-padding-pos=\"all\" data-has-bg-color=\"false\" data-bg-color=\"\" data-bg-opacity=\"1\" data-animation=\"\" data-delay=\"0\" >\n\t\t<div class=\"vc_column-inner\" >\n\t\t\t<div class=\"wpb_wrapper\">\n\t\t\t\t\n\t\t\t<\/div> \n\t\t<\/div>\n\t<\/div> \n<\/div><\/div>\n\t\t<div id=\"fws_69e107ee1aabc\"  data-column-margin=\"default\" data-midnight=\"dark\" data-bottom-percent=\"4%\"  class=\"wpb_row vc_row-fluid vc_row full-width-section\"  style=\"padding-top: 0px; padding-bottom: calc(100vw * 0.04); \"><div class=\"row-bg-wrap\" data-bg-animation=\"none\" data-bg-animation-delay=\"\" data-bg-overlay=\"false\"><div class=\"inner-wrap row-bg-layer\" ><div class=\"row-bg viewport-desktop using-bg-color\"  style=\"background-color: #f9f9f9; \"><\/div><\/div><\/div><div class=\"row_col_wrap_12 col span_12 dark left\">\n\t<div style=\"\" class=\"vc_col-sm-2 wpb_column column_container vc_column_container col padding-1-percent inherit_tablet inherit_phone\" data-using-bg=\"true\" data-padding-pos=\"all\" data-has-bg-color=\"true\" data-bg-color=\"#eceff1\" data-bg-opacity=\"1\" data-animation=\"\" data-delay=\"0\" >\n\t\t<div class=\"vc_column-inner\" ><div class=\"column-bg-overlay-wrap column-bg-layer\" data-bg-animation=\"none\"><div class=\"column-bg-overlay\" style=\"opacity: 1; background-color: #eceff1;\"><\/div><\/div>\n\t\t\t<div class=\"wpb_wrapper\">\n\t\t\t\t\n<div class=\"wpb_text_column wpb_content_element\" >\n\t<div class=\"wpb_wrapper\">\n\t\t<h3><span style=\"color: #1e232b;\">Projekt<\/span><\/h3>\n<p>P4 Warehouse Cloud WMS \/<br \/>\nP4 Books Cloud ERP<\/p>\n\t<\/div>\n<\/div>\n\n\n\n\n<div class=\"wpb_text_column wpb_content_element\" >\n\t<div class=\"wpb_wrapper\">\n\t\t<h3><span style=\"color: #1e232b;\">Vev\u0151<\/span><\/h3>\n<p><strong><a href=\"https:\/\/www.velaskerzen.com\/\" target=\"_blank\" rel=\"noopener\">La Soledad gyertyagy\u00e1r<\/a><\/strong><\/p>\n\t<\/div>\n<\/div>\n\n\n\n\n<div class=\"wpb_text_column wpb_content_element\" >\n\t<div class=\"wpb_wrapper\">\n\t\t<h3>Ipar<\/h3>\n<p>Gyertyagy\u00e1r<\/p>\n\t<\/div>\n<\/div>\n\n\n\n\n\t\t\t<\/div> \n\t\t<\/div>\n\t<\/div> \n\n\t<div  class=\"vc_col-sm-8 wpb_column column_container vc_column_container col padding-1-percent inherit_tablet inherit_phone\"  data-padding-pos=\"all\" data-has-bg-color=\"false\" data-bg-color=\"\" data-bg-opacity=\"1\" data-animation=\"\" data-delay=\"0\" >\n\t\t<div class=\"vc_column-inner\" >\n\t\t\t<div class=\"wpb_wrapper\">\n\t\t\t\t\n<div class=\"wpb_text_column wpb_content_element\" >\n\t<div class=\"wpb_wrapper\">\n\t\t<h3><strong>Vil\u00e1g\u00edtsa meg a hat\u00e9konys\u00e1g fel\u00e9 vezet\u0151 utat a P4 Warehouse \u00e9s a P4 Books seg\u00edts\u00e9g\u00e9vel.<\/strong><\/h3>\n<p>V\u00edctor De Abreuk\u00e9nt, a F\u00e1brica de Velas La Soledad t\u00f6bb mint n\u00e9gy \u00e9vtizede tulajdonosak\u00e9nt azt l\u00e1ttam, hogy kis csal\u00e1di v\u00e1llalkoz\u00e1sunk a panamai k\u00f6z\u00f6ss\u00e9g oszlop\u00e1v\u00e1 v\u00e1lt. Otthonainkat \u00e9s \u00fcnnepeinket min\u0151s\u00e9gi k\u00e9zzel k\u00e9sz\u00edtett, szenved\u00e9llyel \u00e9s hagyom\u00e1nyokkal k\u00e9sz\u00fclt gyerty\u00e1kkal vil\u00e1g\u00edtjuk meg. A n\u00f6veked\u00e9s azonban kih\u00edv\u00e1sokkal j\u00e1r. A termel\u00e9s\u00fcnk n\u00f6veked\u00e9s\u00e9vel a k\u00e9szletez\u00e9s, a rendel\u00e9s \u00e9s a p\u00e9nz\u00fcgyi menedzsment bonyolults\u00e1ga is n\u00f6vekedett. Megold\u00e1sra volt sz\u00fcks\u00e9g\u00fcnk folyamataink optimaliz\u00e1l\u00e1s\u00e1hoz \u00e9s v\u00e1llalkoz\u00e1sunk k\u00f6vetkez\u0151 szintre emel\u00e9s\u00e9hez.<\/p>\n<p>Ekkor fedezt\u00fck fel\u00a0<a href=\"https:\/\/p4.software\/panama\/p4-warehouse\/\"><strong>P4 Warehouse<\/strong><\/a>, egy felh\u0151rakt\u00e1r-fel\u00fcgyeleti rendszer (WMS) integr\u00e1lva\u00a0<a href=\"https:\/\/p4.software\/panama\/p4-books\/\"><strong>P4 Books rendszerrel<\/strong><\/a>, egy felh\u0151 alap\u00fa v\u00e1llalati er\u0151forr\u00e1s-tervez\u0151 (ERP) szoftver, mindkett\u0151t a\u00a0<a href=\"https:\/\/panama.barrdega.com\/\" target=\"_blank\" rel=\"noopener\"><strong>Barrdega Panama<\/strong><\/a>. Ezeknek az eszk\u00f6z\u00f6knek a bevezet\u00e9se \u00f3ta gy\u00e1runk jelent\u0151s \u00e1talakul\u00e1son ment kereszt\u00fcl, n\u00f6velve a hat\u00e9konys\u00e1got, a j\u00f6vedelmez\u0151s\u00e9get \u00e9s a vev\u0151i el\u00e9gedetts\u00e9get.<\/p>\n<p><strong>K\u00e9zi kezel\u00e9sben vil\u00e1g\u00edt:<\/strong><\/p>\n<p>A P4 Warehouse \u00e9s a P4 Books el\u0151tt sz\u00e1mos akad\u00e1llyal szembes\u00fclt\u00fcnk, amelyek lass\u00edtott\u00e1k n\u00f6veked\u00e9s\u00fcnket:<\/p>\n<ul>\n<li><strong>Nem hat\u00e9kony k\u00e9zi folyamatok:<\/strong>\u00a0A k\u00e9szleteket \u00e9s a rendel\u00e9seket t\u00e1bl\u00e1zatokon \u00e9s fizikai nyilv\u00e1ntart\u00e1sokon kereszt\u00fcl kezelt\u00fck, ami hib\u00e1s \u00e9s id\u0151ig\u00e9nyes volt.<\/li>\n<li><strong>A l\u00e1that\u00f3s\u00e1g hi\u00e1nya:<\/strong>\u00a0Nem volt egy\u00e9rtelm\u0171 r\u00e1l\u00e1t\u00e1sunk a rendelkez\u00e9sre \u00e1ll\u00f3 k\u00e9szletre, ami t\u00falk\u00edn\u00e1latot vagy k\u00e9szlethi\u00e1nyt okozott, ami befoly\u00e1solta a sz\u00e1ll\u00edt\u00e1si id\u0151t \u00e9s a vev\u0151i el\u00e9gedetts\u00e9get.<\/li>\n<li><strong>Rossz p\u00e9nz\u00fcgyi ellen\u0151rz\u00e9s:<\/strong>\u00a0A manu\u00e1lis k\u00f6nyvel\u00e9s megnehez\u00edtette a k\u00f6lts\u00e9gek, a nyeres\u00e9g \u00e9s a cash flow nyomon k\u00f6vet\u00e9s\u00e9t, h\u00e1tr\u00e1ltatva a strat\u00e9giai d\u00f6nt\u00e9shozatalt.<\/li>\n<\/ul>\n<p><strong>A hat\u00e9konys\u00e1g bekapcsol\u00e1sa P4-gyel:<\/strong><\/p>\n<p>A P4 Warehouse \u00e9s a P4 Books megval\u00f3s\u00edt\u00e1sa fordul\u00f3pontot jelentett. Ezek az \u00e1tfog\u00f3 eszk\u00f6z\u00f6k a k\u00f6vetkez\u0151ket k\u00edn\u00e1lt\u00e1k sz\u00e1munkra:<\/p>\n<ul>\n<li><strong>Egyszer\u0171s\u00edtett k\u00e9szletkezel\u00e9s:<\/strong>\u00a0P4 Warehouse automatiz\u00e1lt k\u00e9szletk\u00f6vet\u00e9s, a be\u00e9rkez\u00e9st\u0151l a felad\u00e1sig, val\u00f3s idej\u0171 friss\u00edt\u00e9sekkel. K\u00f6nnyed\u00e9n ellen\u0151rizhetj\u00fck az alapanyagokat, a k\u00e9szterm\u00e9keket \u00e9s a mell\u00e9kterm\u00e9keket, elker\u00fclve a hi\u00e1nyt \u00e9s optimaliz\u00e1lva a rakt\u00e1rter\u00fcletet.<\/li>\n<li><strong>Probl\u00e9mamentes rendel\u00e9s:<\/strong>\u00a0A rendszer kezeli a teljes rendel\u00e9si ciklust a megrendel\u00e9s be\u00e9rkez\u00e9s\u00e9t\u0151l a sz\u00e1ml\u00e1z\u00e1sig \u00e9s a kisz\u00e1ll\u00edt\u00e1sig. Ez gyorsabb rendel\u00e9sfeldolgoz\u00e1st, kevesebb hib\u00e1t \u00e9s el\u00e9gedettebb \u00fcgyfeleket eredm\u00e9nyez.<\/li>\n<li><strong>Vil\u00e1gos \u00e9s pontos p\u00e9nz\u00fcgyi adatok:<\/strong>\u00a0P4 Books automatiz\u00e1lt k\u00f6nyvel\u00e9s, pontos \u00e9s naprak\u00e9sz p\u00e9nz\u00fcgyi inform\u00e1ci\u00f3kkal. R\u00e9szletes jelent\u00e9seket k\u00e9sz\u00edthet\u00fcnk a k\u00f6lts\u00e9gekr\u0151l, az \u00e1rbev\u00e9telr\u0151l, a nyeres\u00e9gr\u0151l \u00e9s a cash flow-r\u00f3l, \u00edgy megalapozott d\u00f6nt\u00e9seket hozhatunk kem\u00e9ny adatok alapj\u00e1n.<\/li>\n<\/ul>\n<p><strong>Az eredm\u00e9nyek maguk\u00e9rt besz\u00e9lnek:<\/strong><\/p>\n<p>A P4 Warehouse \u00e9s a P4 Books elfogad\u00e1sa \u00f3ta k\u00e9zzelfoghat\u00f3 eredm\u00e9nyeket tapasztaltunk:<\/p>\n<ul>\n<li><strong>20% a k\u00e9szlethib\u00e1k cs\u00f6kkent\u00e9se:<\/strong>\u00a0Az automatiz\u00e1l\u00e1s \u00e9s a rakt\u00e1rk\u00e9szlet val\u00f3s idej\u0171 l\u00e1that\u00f3s\u00e1ga minim\u00e1lisra cs\u00f6kkenti a hib\u00e1kat \u00e9s az elt\u00e9r\u00e9seket.<\/li>\n<li><strong>20% a szem\u00e9lyzet hat\u00e9konys\u00e1g\u00e1nak n\u00f6vel\u00e9se:<\/strong>\u00a0Az alkalmazottak kevesebb id\u0151t ford\u00edtanak k\u00e9zi feladatokra, \u00e9s t\u00f6bb id\u0151t \u00e9rt\u00e9kn\u00f6vel\u0151 tev\u00e9kenys\u00e9gekre.<\/li>\n<li><strong>10% javul\u00e1s a sz\u00e1ll\u00edt\u00e1si id\u0151kben:<\/strong>\u00a0Az optimaliz\u00e1lt rendel\u00e9skezel\u00e9s \u00e9s az automatiz\u00e1lt logisztika lehet\u0151v\u00e9 teszi a term\u00e9kek gyorsabb eljuttat\u00e1s\u00e1t az \u00fcgyfelekhez.<\/li>\n<li><strong>17% a j\u00f6vedelmez\u0151s\u00e9g n\u00f6veked\u00e9se:<\/strong>\u00a0A jobb k\u00f6lts\u00e9gkezel\u00e9s, a hibacs\u00f6kkent\u00e9s \u00e9s a m\u0171k\u00f6d\u00e9si hat\u00e9konys\u00e1g n\u00f6velte haszonkulcsunkat.<\/li>\n<\/ul>\n<p><strong>A sz\u00e1mokon t\u00fal:<\/strong><\/p>\n<p>A sz\u00e1mokon t\u00fal a P4 Warehouse \u00e9s a P4 Books pozit\u00edv hat\u00e1ssal volt az eg\u00e9sz v\u00e1llalatra:<\/p>\n<ul>\n<li><strong>Nagyobb kontroll \u00e9s nyugalom:<\/strong>\u00a0B\u00edzhatunk az inform\u00e1ci\u00f3k pontoss\u00e1g\u00e1ban, \u00e9s konkr\u00e9t adatok alapj\u00e1n hozhatunk d\u00f6nt\u00e9seket.<\/li>\n<li><strong>Jobb kommunik\u00e1ci\u00f3 \u00e9s egy\u00fcttm\u0171k\u00f6d\u00e9s:<\/strong>\u00a0Az integr\u00e1lt rendszerek megk\u00f6nny\u00edtik a kommunik\u00e1ci\u00f3t az oszt\u00e1lyok k\u00f6z\u00f6tt \u00e9s besz\u00e1ll\u00edt\u00f3inkkal.<\/li>\n<li><strong>Nagyobb sk\u00e1l\u00e1zhat\u00f3s\u00e1g:<\/strong>\u00a0A felh\u0151megold\u00e1sok alkalmazkodnak n\u00f6veked\u00e9s\u00fcnkh\u00f6z, lehet\u0151v\u00e9 t\u00e9ve sz\u00e1munkra, hogy technol\u00f3giai korl\u00e1tok n\u00e9lk\u00fcl terjeszkedj\u00fcnk.<\/li>\n<\/ul>\n<p><strong>Egy panamai sikert\u00f6rt\u00e9net:<\/strong><\/p>\n<p>F\u00e1brica de Velas La Soledadk\u00e9nt b\u00fcszk\u00e9k vagyunk arra, hogy egy panamai v\u00e1llalat vagyunk, amely elk\u00f6telezett az innov\u00e1ci\u00f3 \u00e9s a technol\u00f3gia ir\u00e1nt. A P4 Warehouse-szal \u00e9s a P4 Books-szal kapcsolatos tapasztalataink azt mutatj\u00e1k, hogy a megfelel\u0151 megold\u00e1sok b\u00e1rmely v\u00e1llalkoz\u00e1s n\u00f6veked\u00e9s\u00e9t \u00e9s siker\u00e9t el\u0151mozd\u00edthatj\u00e1k, m\u00e9ret\u00e9t\u0151l f\u00fcggetlen\u00fcl. Megh\u00edvjuk a t\u00f6bbi panamai v\u00e1llalatot, hogy k\u00f6vess\u00e9k p\u00e9ld\u00e1nkat, \u00e9s vil\u00e1g\u00edts\u00e1k meg a hat\u00e9konys\u00e1g fel\u00e9 vezet\u0151 \u00fatjukat ezekkel az \u00e9lvonalbeli eszk\u00f6z\u00f6kkel.<\/p>\n<p><strong>Ez csak a kezdete a n\u00f6veked\u00e9si utunknak.<\/strong>\u00a0A P4 Warehouse \u00e9s a P4 Books sz\u00f6vets\u00e9geseivel a F\u00e1brica de Velas La Soledad tov\u00e1bbra is megvil\u00e1g\u00edtja az utat, nem csak gyerty\u00e1ink f\u00e9ny\u00e9vel, hanem a hat\u00e9konys\u00e1g \u00e9s az innov\u00e1ci\u00f3 ragyog\u00e1s\u00e1val is.<\/p>\n\t<\/div>\n<\/div>\n\n\n\n<div class=\"divider-wrap\" data-alignment=\"default\"><div style=\"margin-top: 12.5px; height: 1px; margin-bottom: 12.5px;\" data-width=\"100%\" data-animate=\"\" data-animation-delay=\"\" data-color=\"extra-color-3\" class=\"divider-border\"><\/div><\/div>\n<div class=\"wpb_text_column wpb_content_element\" >\n\t<div class=\"wpb_wrapper\">\n\t\t<h3>Sz\u00e1mszer\u0171s\u00edthet\u0151 eredm\u00e9nyek:<\/h3>\n\t<\/div>\n<\/div>\n\n\n\n<div id=\"fws_69e107ee1be87\" data-midnight=\"\" data-column-margin=\"default\" class=\"wpb_row vc_row-fluid vc_row inner_row\"  style=\"\"><div class=\"row-bg-wrap\"> <div class=\"row-bg\" ><\/div> <\/div><div class=\"row_col_wrap_12_inner col span_12  left\">\n\t<div  class=\"vc_col-sm-3 wpb_column column_container vc_column_container col child_column no-extra-padding inherit_tablet inherit_phone\"   data-padding-pos=\"all\" data-has-bg-color=\"false\" data-bg-color=\"\" data-bg-opacity=\"1\" data-animation=\"\" data-delay=\"0\" >\n\t\t<div class=\"vc_column-inner\" >\n\t\t<div class=\"wpb_wrapper\">\n\t\t\t<div class=\"nectar-split-heading  font_size_2-5vw font_line_height_1px\" data-align=\"default\" data-m-align=\"inherit\" data-text-effect=\"default\" data-animation-type=\"line-reveal-by-space\" data-animation-delay=\"200\" data-animation-offset=\"\" data-m-rm-animation=\"\" data-stagger=\"\" data-custom-font-size=\"true\" style=\"font-size: 2.5vw; line-height: 2.75vw;\"><h2 >27%<\/h2><\/div><div class=\"nectar-split-heading  font_size_0-8vw font_size_tablet_16px font_size_phone_13px font_line_height_1-5\" data-align=\"default\" data-m-align=\"inherit\" data-text-effect=\"default\" data-animation-type=\"line-reveal-by-space\" data-animation-delay=\"300\" data-animation-offset=\"\" data-m-rm-animation=\"\" data-stagger=\"true\" data-custom-font-size=\"true\" style=\"font-size: 0.8vw; line-height: 0.88vw;\"><p style=\"max-width: 60%;\">Magasabb termel\u00e9kenys\u00e9g<\/p><\/div>\n\t\t<\/div> \n\t<\/div>\n\t<\/div> \n\n\t<div  class=\"vc_col-sm-3 wpb_column column_container vc_column_container col child_column no-extra-padding inherit_tablet inherit_phone\"   data-padding-pos=\"all\" data-has-bg-color=\"false\" data-bg-color=\"\" data-bg-opacity=\"1\" data-animation=\"\" data-delay=\"0\" >\n\t\t<div class=\"vc_column-inner\" >\n\t\t<div class=\"wpb_wrapper\">\n\t\t\t<div class=\"nectar-split-heading  font_size_2-5vw font_line_height_1px\" data-align=\"default\" data-m-align=\"inherit\" data-text-effect=\"default\" data-animation-type=\"line-reveal-by-space\" data-animation-delay=\"200\" data-animation-offset=\"\" data-m-rm-animation=\"\" data-stagger=\"\" data-custom-font-size=\"true\" style=\"font-size: 2.5vw; line-height: 2.75vw;\"><h3 >17%<\/h3><\/div><div class=\"nectar-split-heading  font_size_0-8vw font_size_tablet_16px font_size_phone_13px font_line_height_1-5\" data-align=\"default\" data-m-align=\"inherit\" data-text-effect=\"default\" data-animation-type=\"line-reveal-by-space\" data-animation-delay=\"300\" data-animation-offset=\"\" data-m-rm-animation=\"\" data-stagger=\"true\" data-custom-font-size=\"true\" style=\"font-size: 0.8vw; line-height: 0.88vw;\"><p style=\"max-width: 60%;\">Megn\u00f6vekedett j\u00f6vedelmez\u0151s\u00e9g<\/p><\/div>\n\t\t<\/div> \n\t<\/div>\n\t<\/div> \n\n\t<div  class=\"vc_col-sm-3 wpb_column column_container vc_column_container col child_column no-extra-padding inherit_tablet inherit_phone\"   data-padding-pos=\"all\" data-has-bg-color=\"false\" data-bg-color=\"\" data-bg-opacity=\"1\" data-animation=\"\" data-delay=\"0\" >\n\t\t<div class=\"vc_column-inner\" >\n\t\t<div class=\"wpb_wrapper\">\n\t\t\t<div class=\"nectar-split-heading  font_size_2-5vw font_line_height_1px\" data-align=\"default\" data-m-align=\"inherit\" data-text-effect=\"default\" data-animation-type=\"line-reveal-by-space\" data-animation-delay=\"200\" data-animation-offset=\"\" data-m-rm-animation=\"\" data-stagger=\"\" data-custom-font-size=\"true\" style=\"font-size: 2.5vw; line-height: 2.75vw;\"><h3 >38%<\/h3><\/div><div class=\"nectar-split-heading  font_size_0-8vw font_size_tablet_16px font_size_phone_13px font_line_height_1-5\" data-align=\"default\" data-m-align=\"inherit\" data-text-effect=\"default\" data-animation-type=\"line-reveal-by-space\" data-animation-delay=\"300\" data-animation-offset=\"\" data-m-rm-animation=\"\" data-stagger=\"true\" data-custom-font-size=\"true\" style=\"font-size: 0.8vw; line-height: 0.88vw;\"><p style=\"max-width: 60%;\">Vev\u0151i el\u00e9gedetts\u00e9g<\/p><\/div>\n\t\t<\/div> \n\t<\/div>\n\t<\/div> \n\n\t<div  class=\"vc_col-sm-3 wpb_column column_container vc_column_container col child_column no-extra-padding inherit_tablet inherit_phone\"   data-padding-pos=\"all\" data-has-bg-color=\"false\" data-bg-color=\"\" data-bg-opacity=\"1\" data-animation=\"\" data-delay=\"0\" >\n\t\t<div class=\"vc_column-inner\" >\n\t\t<div class=\"wpb_wrapper\">\n\t\t\t<div class=\"nectar-split-heading  font_size_2-5vw font_line_height_1px\" data-align=\"default\" data-m-align=\"inherit\" data-text-effect=\"default\" data-animation-type=\"line-reveal-by-space\" data-animation-delay=\"200\" data-animation-offset=\"\" data-m-rm-animation=\"\" data-stagger=\"\" data-custom-font-size=\"true\" style=\"font-size: 2.5vw; line-height: 2.75vw;\"><h3 >20%<\/h3><\/div><div class=\"nectar-split-heading  font_size_0-8vw font_size_tablet_16px font_size_phone_13px font_line_height_1-5\" data-align=\"default\" data-m-align=\"inherit\" data-text-effect=\"default\" data-animation-type=\"line-reveal-by-space\" data-animation-delay=\"300\" data-animation-offset=\"\" data-m-rm-animation=\"\" data-stagger=\"true\" data-custom-font-size=\"true\" style=\"font-size: 0.8vw; line-height: 0.88vw;\"><p style=\"max-width: 60%;\">Nagyobb szem\u00e9lyzeti hat\u00e9konys\u00e1g<\/p><\/div>\n\t\t<\/div> \n\t<\/div>\n\t<\/div> \n<\/div><\/div>\n\t\t\t<\/div> \n\t\t<\/div>\n\t<\/div> \n\n\t<div  class=\"vc_col-sm-2 wpb_column column_container vc_column_container col no-extra-padding inherit_tablet inherit_phone\"  data-padding-pos=\"all\" data-has-bg-color=\"false\" data-bg-color=\"\" data-bg-opacity=\"1\" data-animation=\"\" data-delay=\"0\" >\n\t\t<div class=\"vc_column-inner\" >\n\t\t\t<div class=\"wpb_wrapper\">\n\t\t\t\t\n\t\t\t<\/div> \n\t\t<\/div>\n\t<\/div> \n<\/div><\/div>","protected":false},"excerpt":{"rendered":"A hat\u00e9konys\u00e1g forradalmas\u00edt\u00e1sa: La Soledad gyertyagy\u00e1r A panamai kiv\u00e1l\u00f3s\u00e1g\u00e1r\u00f3l ismert La Soledad gyertyagy\u00e1r a P4 Warehouse \u00e9s a P4 Books integr\u00e1l\u00e1s\u00e1val optimaliz\u00e1lja logisztikai tev\u00e9kenys\u00e9g\u00e9t....","protected":false},"author":1,"featured_media":0,"parent":0,"menu_order":0,"comment_status":"closed","ping_status":"closed","template":"","meta":{"footnotes":""},"class_list":["post-4974","page","type-page","status-publish"],"aioseo_notices":[],"_links":{"self":[{"href":"https:\/\/nerv-corp.com\/hu\/wp-json\/wp\/v2\/pages\/4974","targetHints":{"allow":["GET"]}}],"collection":[{"href":"https:\/\/nerv-corp.com\/hu\/wp-json\/wp\/v2\/pages"}],"about":[{"href":"https:\/\/nerv-corp.com\/hu\/wp-json\/wp\/v2\/types\/page"}],"author":[{"embeddable":true,"href":"https:\/\/nerv-corp.com\/hu\/wp-json\/wp\/v2\/users\/1"}],"replies":[{"embeddable":true,"href":"https:\/\/nerv-corp.com\/hu\/wp-json\/wp\/v2\/comments?post=4974"}],"version-history":[{"count":7,"href":"https:\/\/nerv-corp.com\/hu\/wp-json\/wp\/v2\/pages\/4974\/revisions"}],"predecessor-version":[{"id":4990,"href":"https:\/\/nerv-corp.com\/hu\/wp-json\/wp\/v2\/pages\/4974\/revisions\/4990"}],"wp:attachment":[{"href":"https:\/\/nerv-corp.com\/hu\/wp-json\/wp\/v2\/media?parent=4974"}],"curies":[{"name":"wp","href":"https:\/\/api.w.org\/{rel}","templated":true}]}}