{"id":5050,"date":"2024-03-13T12:00:29","date_gmt":"2024-03-13T17:00:29","guid":{"rendered":"https:\/\/nerv-corp.com\/?page_id=5050"},"modified":"2024-03-13T12:07:26","modified_gmt":"2024-03-13T17:07:26","slug":"voroskereszt-sikertortenetek-panamaban","status":"publish","type":"page","link":"https:\/\/nerv-corp.com\/hu\/voroskereszt-sikertortenetek-panamaban\/","title":{"rendered":"Sikert\u00f6rt\u00e9netek: V\u00f6r\u00f6skereszt Panam\u00e1ban"},"content":{"rendered":"<div id=\"enhance\"  data-column-margin=\"default\" data-midnight=\"light\" data-top-percent=\"10%\" data-bottom-percent=\"10%\"  class=\"wpb_row vc_row-fluid vc_row full-width-section parallax_section\"  style=\"padding-top: calc(100vw * 0.10); padding-bottom: calc(100vw * 0.10); \"><div class=\"row-bg-wrap\" data-bg-animation=\"none\" data-bg-animation-delay=\"\" data-bg-overlay=\"true\"><div class=\"inner-wrap row-bg-layer using-image\" ><div class=\"row-bg viewport-desktop using-image\" data-parallax-speed=\"fast\" style=\"background-image: url(https:\/\/nerv-corp.com\/wp-content\/uploads\/2024\/03\/labor-union-members-working-together-2.webp); background-position: left center; background-repeat: no-repeat; \"><\/div><\/div><div class=\"row-bg-overlay row-bg-layer\" style=\"background: #000000; background: linear-gradient(90deg,#000000 10%,rgba(255,255,255,0.001) 75%);  opacity: 0.8; background: #000000; background: linear-gradient(90deg,#000000 0%,rgba(255,255,255,0.001) 100%);  opacity: 0.8; \"><\/div><\/div><div class=\"row_col_wrap_12 col span_12 light left\">\n\t<div  class=\"vc_col-sm-8 wpb_column column_container vc_column_container col no-extra-padding inherit_tablet inherit_phone\"  data-padding-pos=\"all\" data-has-bg-color=\"false\" data-bg-color=\"\" data-bg-opacity=\"1\" data-animation=\"\" data-delay=\"0\" >\n\t\t<div class=\"vc_column-inner\" >\n\t\t\t<div class=\"wpb_wrapper\">\n\t\t\t\t<div id=\"fws_69db6f62645eb\" data-midnight=\"\" data-column-margin=\"default\" class=\"wpb_row vc_row-fluid vc_row inner_row\"  style=\"\"><div class=\"row-bg-wrap\"> <div class=\"row-bg\" ><\/div> <\/div><div class=\"row_col_wrap_12_inner col span_12  left\">\n\t<div  class=\"vc_col-sm-12 wpb_column column_container vc_column_container col child_column no-extra-padding inherit_tablet inherit_phone\"   data-padding-pos=\"all\" data-has-bg-color=\"false\" data-bg-color=\"\" data-bg-opacity=\"1\" data-animation=\"\" data-delay=\"0\" >\n\t\t<div class=\"vc_column-inner\" >\n\t\t<div class=\"wpb_wrapper\">\n\t\t\t\n<div class=\"wpb_text_column wpb_content_element  vc_custom_1710347993615\" >\n\t<div class=\"wpb_wrapper\">\n\t\t<h5>A siker esete<\/h5>\n\t<\/div>\n<\/div>\n\n\n\n<div class=\"nectar-highlighted-text\" data-style=\"half_text\" data-exp=\"default\" data-using-custom-color=\"true\" data-animation-delay=\"false\" data-color=\"#fda13c\" data-color-gradient=\"\" style=\"\"><h2 class=\"et_pb_slide_title\">P4 Warehouse: forradalmas\u00edt\u00f3 humanit\u00e1rius logisztika<br \/>\na V\u00f6r\u00f6skereszttel Panam\u00e1ban<\/h2>\n<\/div>\n<div class=\"wpb_text_column wpb_content_element\" >\n\t<div class=\"wpb_wrapper\">\n\t\t<p><img loading=\"lazy\" decoding=\"async\" class=\"alignnone wp-image-5056 size-medium\" src=\"https:\/\/nerv-corp.com\/wp-content\/uploads\/2024\/03\/IFRC_logo_2020.svg_-removebg-preview-300x286.webp\" alt=\"\" width=\"300\" height=\"286\" srcset=\"https:\/\/nerv-corp.com\/wp-content\/uploads\/2024\/03\/IFRC_logo_2020.svg_-removebg-preview-300x286.webp 300w, https:\/\/nerv-corp.com\/wp-content\/uploads\/2024\/03\/IFRC_logo_2020.svg_-removebg-preview-13x12.webp 13w, https:\/\/nerv-corp.com\/wp-content\/uploads\/2024\/03\/IFRC_logo_2020.svg_-removebg-preview.webp 511w\" sizes=\"auto, (max-width: 300px) 100vw, 300px\" \/><\/p>\n\t<\/div>\n<\/div>\n\n\n\n<div class=\"nectar-split-heading\" data-align=\"default\" data-m-align=\"inherit\" data-text-effect=\"default\" data-animation-type=\"line-reveal-by-space\" data-animation-delay=\"0\" data-animation-offset=\"\" data-m-rm-animation=\"\" data-stagger=\"\" data-custom-font-size=\"false\" ><h5 >A V\u00f6r\u00f6skereszt T\u00e1rsas\u00e1gok Nemzetk\u00f6zi Sz\u00f6vets\u00e9ge, amely vil\u00e1gszerte elismert humanit\u00e1rius er\u0151fesz\u00edt\u00e9sei\u00e9rt, a P4 Warehouse Cloud Warehouse Management System mellett d\u00f6nt\u00f6tt Panama Pacifico-i eloszt\u00f3k\u00f6zpontj\u00e1ban.<\/h5><\/div>\n\t\t<\/div> \n\t<\/div>\n\t<\/div> \n<\/div><\/div><div class=\"divider-wrap\" data-alignment=\"default\"><div  data-width=\"100%\" data-animate=\"\" data-animation-delay=\"\" data-color=\"default\" class=\"divider-border\"><\/div><\/div>\n\t\t\t<\/div> \n\t\t<\/div>\n\t<\/div> \n\n\t<div  class=\"vc_col-sm-4 wpb_column column_container vc_column_container col no-extra-padding inherit_tablet inherit_phone\"  data-padding-pos=\"all\" data-has-bg-color=\"false\" data-bg-color=\"\" data-bg-opacity=\"1\" data-animation=\"\" data-delay=\"0\" >\n\t\t<div class=\"vc_column-inner\" >\n\t\t\t<div class=\"wpb_wrapper\">\n\t\t\t\t\n\t\t\t<\/div> \n\t\t<\/div>\n\t<\/div> \n<\/div><\/div>\n\t\t<div id=\"fws_69db6f62659fc\"  data-column-margin=\"default\" data-midnight=\"dark\"  class=\"wpb_row vc_row-fluid vc_row full-width-section\"  style=\"padding-top: 0px; padding-bottom: 0px; \"><div class=\"row-bg-wrap\" data-bg-animation=\"none\" data-bg-animation-delay=\"\" data-bg-overlay=\"false\"><div class=\"inner-wrap row-bg-layer\" ><div class=\"row-bg viewport-desktop using-bg-color\"  style=\"background-color: #f9f9f9; \"><\/div><\/div><\/div><div class=\"row_col_wrap_12 col span_12 dark left\">\n\t<div  class=\"vc_col-sm-12 wpb_column column_container vc_column_container col padding-1-percent inherit_tablet inherit_phone\"  data-padding-pos=\"all\" data-has-bg-color=\"false\" data-bg-color=\"\" data-bg-opacity=\"1\" data-animation=\"\" data-delay=\"0\" >\n\t\t<div class=\"vc_column-inner\" >\n\t\t\t<div class=\"wpb_wrapper\">\n\t\t\t\t\n\t\t\t<\/div> \n\t\t<\/div>\n\t<\/div> \n<\/div><\/div>\n\t\t<div id=\"fws_69db6f6266164\"  data-column-margin=\"default\" data-midnight=\"dark\" data-bottom-percent=\"4%\"  class=\"wpb_row vc_row-fluid vc_row full-width-section\"  style=\"padding-top: 0px; padding-bottom: calc(100vw * 0.04); \"><div class=\"row-bg-wrap\" data-bg-animation=\"none\" data-bg-animation-delay=\"\" data-bg-overlay=\"false\"><div class=\"inner-wrap row-bg-layer\" ><div class=\"row-bg viewport-desktop using-bg-color\"  style=\"background-color: #f9f9f9; \"><\/div><\/div><\/div><div class=\"row_col_wrap_12 col span_12 dark left\">\n\t<div style=\"\" class=\"vc_col-sm-2 wpb_column column_container vc_column_container col padding-1-percent inherit_tablet inherit_phone\" data-using-bg=\"true\" data-padding-pos=\"all\" data-has-bg-color=\"true\" data-bg-color=\"#eceff1\" data-bg-opacity=\"1\" data-animation=\"\" data-delay=\"0\" >\n\t\t<div class=\"vc_column-inner\" ><div class=\"column-bg-overlay-wrap column-bg-layer\" data-bg-animation=\"none\"><div class=\"column-bg-overlay\" style=\"opacity: 1; background-color: #eceff1;\"><\/div><\/div>\n\t\t\t<div class=\"wpb_wrapper\">\n\t\t\t\t\n<div class=\"wpb_text_column wpb_content_element\" >\n\t<div class=\"wpb_wrapper\">\n\t\t<h3><span style=\"color: #1e232b;\">Projekt<\/span><\/h3>\n<p>P4 Warehouse<\/p>\n\t<\/div>\n<\/div>\n\n\n\n\n<div class=\"wpb_text_column wpb_content_element\" >\n\t<div class=\"wpb_wrapper\">\n\t\t<h3><span style=\"color: #1e232b;\">Vev\u0151<\/span><\/h3>\n<p>Panamai V\u00f6r\u00f6skereszt<\/p>\n\t<\/div>\n<\/div>\n\n\n\n\n<div class=\"wpb_text_column wpb_content_element\" >\n\t<div class=\"wpb_wrapper\">\n\t\t<h3>Ipar<\/h3>\n<p>Humanit\u00e1rius er\u0151fesz\u00edt\u00e9sek<\/p>\n\t<\/div>\n<\/div>\n\n\n\n\n\t\t\t<\/div> \n\t\t<\/div>\n\t<\/div> \n\n\t<div  class=\"vc_col-sm-8 wpb_column column_container vc_column_container col padding-1-percent inherit_tablet inherit_phone\"  data-padding-pos=\"all\" data-has-bg-color=\"false\" data-bg-color=\"\" data-bg-opacity=\"1\" data-animation=\"\" data-delay=\"0\" >\n\t\t<div class=\"vc_column-inner\" >\n\t\t\t<div class=\"wpb_wrapper\">\n\t\t\t\t\n<div class=\"wpb_text_column wpb_content_element\" >\n\t<div class=\"wpb_wrapper\">\n\t\t<h2>P4 Warehouse: forradalmas\u00edtja a humanit\u00e1rius logisztik\u00e1t a V\u00f6r\u00f6skereszttel Panam\u00e1ban<\/h2>\n<p>A V\u00f6r\u00f6skeresztek Nemzetk\u00f6zi Sz\u00f6vets\u00e9ge, amely vil\u00e1gszerte elismert humanit\u00e1rius er\u0151fesz\u00edt\u00e9sei\u00e9rt, a P4 Warehouse Cloud Warehouse Management System mellett d\u00f6nt\u00f6tt Panama Pacific eloszt\u00f3k\u00f6zpontj\u00e1ban, ami jelent\u0151s el\u0151rel\u00e9p\u00e9st jelent a logisztika \u00e9s az eloszt\u00e1s optimaliz\u00e1l\u00e1sa ter\u00e9n. Ez a v\u00e1laszt\u00e1s hangs\u00falyozza a P4 Warehouse alkalmazkod\u00f3k\u00e9pess\u00e9g\u00e9t \u00e9s hat\u00e9konys\u00e1g\u00e1t nem csak a kereskedelmi v\u00e1llalatok, hanem a humanit\u00e1rius szervezetek sz\u00e1m\u00e1ra is, amelyek c\u00e9lja, hogy jav\u00edts\u00e1k m\u0171k\u00f6d\u00e9si hat\u00e9konys\u00e1gukat \u00e9s v\u00e1laszidej\u00fcket v\u00e1ls\u00e1gok idej\u00e9n. Ez a cikk a P4 Warehouse el\u0151nyeivel \u00e9s \u00e1talak\u00edt\u00f3 lehet\u0151s\u00e9geivel foglalkozik az olyan humanit\u00e1rius szervezetek sz\u00e1m\u00e1ra, mint az IFRC.<\/p>\n<h3>Nagyobb m\u0171k\u00f6d\u00e9si hat\u00e9konys\u00e1g<\/h3>\n<p>A P4 Warehouse Cloud Warehouse Management System leegyszer\u0171s\u00edti a k\u00e9szletkezel\u00e9st, megk\u00f6nny\u00edtve a szervezetek sz\u00e1m\u00e1ra az er\u0151forr\u00e1sok nyomon k\u00f6vet\u00e9s\u00e9t \u00e9s hat\u00e9kony eloszt\u00e1s\u00e1t. A humanit\u00e1rius seg\u00edts\u00e9gny\u00fajt\u00e1s keret\u00e9ben, ahol az id\u0151 \u00e9s a pontoss\u00e1g a l\u00e9nyeg, ez dr\u00e1mai m\u00f3don jav\u00edthatja a szervezet v\u00e9szhelyzetekre val\u00f3 reag\u00e1l\u00e1si k\u00e9pess\u00e9g\u00e9t. A val\u00f3s idej\u0171 k\u00e9szlet l\u00e1that\u00f3s\u00e1ga biztos\u00edtja, hogy a humanit\u00e1rius dolgoz\u00f3k naprak\u00e9sz inform\u00e1ci\u00f3kkal rendelkezzenek az alapvet\u0151 k\u00e9szletek el\u00e9rhet\u0151s\u00e9g\u00e9r\u0151l, lehet\u0151v\u00e9 t\u00e9ve sz\u00e1mukra, hogy gyorsan megalapozott d\u00f6nt\u00e9seket hozzanak.<\/p>\n<h3>M\u00e9retezhet\u0151s\u00e9g a s\u00fcrg\u0151ss\u00e9gi ig\u00e9nyek kiel\u00e9g\u00edt\u00e9s\u00e9re<\/h3>\n<p>A humanit\u00e1rius v\u00e1ls\u00e1gok v\u00e1ratlanul eszkal\u00e1l\u00f3dhatnak, ami megk\u00f6veteli a szervezetekt\u0151l, hogy gyorsan b\u0151v\u00edts\u00e9k tev\u00e9kenys\u00e9g\u00fcket. A P4 Warehouse felh\u0151alap\u00fa infrastrukt\u00far\u00e1ja z\u00f6kken\u0151mentes sk\u00e1l\u00e1zhat\u00f3s\u00e1got tesz lehet\u0151v\u00e9, \u00edgy az IFRC \u00e9s a hasonl\u00f3 entit\u00e1sok a hagyom\u00e1nyos rendszerekkel j\u00e1r\u00f3 k\u00e9s\u00e9sek n\u00e9lk\u00fcl b\u0151v\u00edthetik logisztikai k\u00e9pess\u00e9geiket. Ez a rugalmass\u00e1g kulcsfontoss\u00e1g\u00fa a katasztr\u00f3faelh\u00e1r\u00edt\u00e1s \u00e9s helyre\u00e1ll\u00edt\u00e1s v\u00e1ltoz\u00f3 ig\u00e9nyeihez val\u00f3 alkalmazkod\u00e1shoz.<\/p>\n<h3>Az er\u0151forr\u00e1sok eloszt\u00e1s\u00e1nak \u00e9s eloszt\u00e1s\u00e1nak jav\u00edt\u00e1sa<\/h3>\n<p>A P4 Warehouse \u00e1ltal biztos\u00edtott intelligens elemz\u00e9sek betekint\u00e9st ny\u00fajtanak a k\u00e9szlettrendekbe \u00e9s a haszn\u00e1lati szok\u00e1sokba, el\u0151seg\u00edtve az er\u0151forr\u00e1sok jobb eloszt\u00e1s\u00e1t. A humanit\u00e1rius szervezetek sz\u00e1m\u00e1ra ez azt jelenti, hogy el\u0151re jelezhetik bizonyos k\u00e9szletek sz\u00fcks\u00e9gess\u00e9g\u00e9t, \u00e9s el\u0151re elhelyezhetik azokat a strat\u00e9giai helysz\u00edneken, ez\u00e1ltal cs\u00f6kkentve a v\u00e1laszad\u00e1si id\u0151t, \u00e9s biztos\u00edtva, hogy a seg\u00e9lyek gyorsabban eljussanak azokhoz, akiknek sz\u00fcks\u00e9g\u00fck van r\u00e1.<\/p>\n<h3>Nagyobb elsz\u00e1moltathat\u00f3s\u00e1g \u00e9s jelent\u00e9st\u00e9tel<\/h3>\n<p>Az \u00e1tl\u00e1that\u00f3s\u00e1g \u00e9s az elsz\u00e1moltathat\u00f3s\u00e1g a humanit\u00e1rius szervezetek alapelvei. A P4 Warehouse \u00e1tfog\u00f3 nyomon k\u00f6vet\u00e9si \u00e9s jelent\u00e9si funkci\u00f3i biztos\u00edtj\u00e1k, hogy minden cikk elsz\u00e1molhat\u00f3 legyen, a be\u00e9rkez\u00e9st\u0151l a kioszt\u00e1sig. Ez a r\u00e9szletess\u00e9g felbecs\u00fclhetetlen az \u00e9rdekelt felek \u00e9s az adom\u00e1nyoz\u00f3k t\u00e1j\u00e9koztat\u00e1s\u00e1ban, az er\u0151forr\u00e1sok hat\u00e9kony \u00e9s etikus felhaszn\u00e1l\u00e1s\u00e1nak bizony\u00edt\u00e1sa, valamint a k\u00f6zbizalom meg\u0151rz\u00e9se szempontj\u00e1b\u00f3l.<\/p>\n<h3>K\u00f6lts\u00e9gcs\u00f6kkent\u00e9s \u00e9s p\u00e9nz\u00fcgyi menedzsment<\/h3>\n<p>A k\u00e9szletgazd\u00e1lkod\u00e1s optimaliz\u00e1l\u00e1s\u00e1val \u00e9s a hullad\u00e9k cs\u00f6kkent\u00e9s\u00e9vel a P4 Warehouse seg\u00edt a humanit\u00e1rius szervezeteknek minim\u00e1lisra cs\u00f6kkenteni m\u0171k\u00f6d\u00e9si k\u00f6lts\u00e9geiket. Ez a hat\u00e9konys\u00e1g azt jelenti, hogy t\u00f6bb er\u0151forr\u00e1s \u00e1ll rendelkez\u00e9sre a k\u00f6zvetlen seg\u00edts\u00e9gny\u00fajt\u00e1sra, ahelyett, hogy a logisztikai k\u00f6lts\u00e9gekre h\u00e1rulna. Az adom\u00e1nyokra \u00e9s t\u00e1mogat\u00e1sokra t\u00e1maszkod\u00f3 szervezetek eset\u00e9ben a j\u00f3 p\u00e9nz\u00fcgyi gazd\u00e1lkod\u00e1s bizony\u00edt\u00e1sa elengedhetetlen az adom\u00e1nyoz\u00f3i t\u00e1mogat\u00e1s fenntart\u00e1s\u00e1hoz.<\/p>\n<h3>Testreszab\u00e1s humanit\u00e1rius sz\u00fcks\u00e9gletekhez<\/h3>\n<p>A P4 Warehouse testreszabhat\u00f3 jellege lehet\u0151v\u00e9 teszi, hogy a humanit\u00e1rius m\u0171veletek egyedi ig\u00e9nyeihez igaz\u00edts\u00e1k, amelyek gyakran olyan kih\u00edv\u00e1sokkal n\u00e9znek szembe, amelyek a kereskedelmi logisztik\u00e1ban nem tal\u00e1lhat\u00f3k meg. Ez mag\u00e1ban foglalja a cikkek sz\u00e9les sk\u00e1l\u00e1j\u00e1nak kezel\u00e9s\u00e9t, az orvosi kell\u00e9kekt\u0151l az \u00e9lelmiszerekig \u00e9s a mened\u00e9kanyagokig, mindegyiknek megvan a maga t\u00e1rol\u00e1si \u00e9s kezel\u00e9si k\u00f6vetelm\u00e9nye.<\/p>\n<h3>Helyi \u00e9s nemzetk\u00f6zi h\u00e1l\u00f3zatok er\u0151s\u00edt\u00e9se<\/h3>\n<p>A P4 Warehouse felh\u0151alap\u00fa jellege lehet\u0151v\u00e9 teszi a jobb koordin\u00e1ci\u00f3t a k\u00fcl\u00f6nb\u00f6z\u0151 szint\u0171 m\u0171veletek k\u00f6z\u00f6tt, a helyi rakt\u00e1rakt\u00f3l a glob\u00e1lis ell\u00e1t\u00e1si l\u00e1ncokig. Ez az \u00f6sszekapcsol\u00f3d\u00e1s l\u00e9tfontoss\u00e1g\u00fa a humanit\u00e1rius szervezetek sz\u00e1m\u00e1ra, amelyek gyakran glob\u00e1lis partnerek h\u00e1l\u00f3zat\u00e1ra t\u00e1maszkodnak a seg\u00e9lyek mozg\u00f3s\u00edt\u00e1s\u00e1hoz.<\/p>\n<h3>K\u00f6vetkeztet\u00e9s<\/h3>\n<p>A P4 Warehouse Cloud Warehouse Management System elfogad\u00e1sa az IFRC Panama Pacific Distribution Center \u00e1ltal bizony\u00edtja a rendszer sokoldal\u00fas\u00e1g\u00e1t \u00e9s hat\u00e9konys\u00e1g\u00e1t a humanit\u00e1rius logisztika \u00f6sszetett ig\u00e9nyeinek kiel\u00e9g\u00edt\u00e9s\u00e9ben. A nagyobb hat\u00e9konys\u00e1g, sk\u00e1l\u00e1zhat\u00f3s\u00e1g, a jobb er\u0151forr\u00e1s-eloszt\u00e1s, az elsz\u00e1moltathat\u00f3s\u00e1g, a k\u00f6lts\u00e9gcs\u00f6kkent\u00e9s, a testreszab\u00e1s \u00e9s a meger\u0151s\u00edtett h\u00e1l\u00f3zatok el\u0151nyei egy\u00fcttesen feljogos\u00edtj\u00e1k a humanit\u00e1rius szervezeteket k\u00fcldet\u00e9s\u00fck hat\u00e9konyabb teljes\u00edt\u00e9s\u00e9re. A n\u00f6vekv\u0151 kih\u00edv\u00e1sokkal \u00e9s a gyors, hat\u00e9kony \u00e9s felel\u0151ss\u00e9gteljes v\u00e1laszl\u00e9p\u00e9sek sz\u00fcks\u00e9gess\u00e9g\u00e9vel szemben a P4 Warehouse felbecs\u00fclhetetlen \u00e9rt\u00e9k\u0171 eszk\u00f6z a humanit\u00e1rius szektor fegyvert\u00e1r\u00e1ban, amely lehet\u0151v\u00e9 teszi az olyan szervezetek sz\u00e1m\u00e1ra, mint az IFRC, hogy jelent\u0151sebb hat\u00e1st gyakoroljanak a seg\u00edts\u00e9gre szorul\u00f3k \u00e9let\u00e9re. .<\/p>\n\t<\/div>\n<\/div>\n\n\n\n<div class=\"divider-wrap\" data-alignment=\"default\"><div style=\"margin-top: 12.5px; height: 1px; margin-bottom: 12.5px;\" data-width=\"100%\" data-animate=\"\" data-animation-delay=\"\" data-color=\"extra-color-3\" class=\"divider-border\"><\/div><\/div>\n\t\t\t<\/div> \n\t\t<\/div>\n\t<\/div> \n\n\t<div  class=\"vc_col-sm-2 wpb_column column_container vc_column_container col no-extra-padding inherit_tablet inherit_phone\"  data-padding-pos=\"all\" data-has-bg-color=\"false\" data-bg-color=\"\" data-bg-opacity=\"1\" data-animation=\"\" data-delay=\"0\" >\n\t\t<div class=\"vc_column-inner\" >\n\t\t\t<div class=\"wpb_wrapper\">\n\t\t\t\t\n\t\t\t<\/div> \n\t\t<\/div>\n\t<\/div> \n<\/div><\/div>","protected":false},"excerpt":{"rendered":"P4 Warehouse esettanulm\u00e1ny: A humanit\u00e1rius logisztika forradalmas\u00edt\u00e1sa a V\u00f6r\u00f6skereszttel Panam\u00e1ban A V\u00f6r\u00f6skereszt \u00e9s V\u00f6r\u00f6s F\u00e9lhold T\u00e1rsas\u00e1gok Nemzetk\u00f6zi Sz\u00f6vets\u00e9ge, amely humanit\u00e1rius er\u0151fesz\u00edt\u00e9sei\u00e9rt elismert...","protected":false},"author":1,"featured_media":0,"parent":0,"menu_order":0,"comment_status":"closed","ping_status":"closed","template":"","meta":{"footnotes":""},"class_list":["post-5050","page","type-page","status-publish"],"aioseo_notices":[],"_links":{"self":[{"href":"https:\/\/nerv-corp.com\/hu\/wp-json\/wp\/v2\/pages\/5050","targetHints":{"allow":["GET"]}}],"collection":[{"href":"https:\/\/nerv-corp.com\/hu\/wp-json\/wp\/v2\/pages"}],"about":[{"href":"https:\/\/nerv-corp.com\/hu\/wp-json\/wp\/v2\/types\/page"}],"author":[{"embeddable":true,"href":"https:\/\/nerv-corp.com\/hu\/wp-json\/wp\/v2\/users\/1"}],"replies":[{"embeddable":true,"href":"https:\/\/nerv-corp.com\/hu\/wp-json\/wp\/v2\/comments?post=5050"}],"version-history":[{"count":7,"href":"https:\/\/nerv-corp.com\/hu\/wp-json\/wp\/v2\/pages\/5050\/revisions"}],"predecessor-version":[{"id":5061,"href":"https:\/\/nerv-corp.com\/hu\/wp-json\/wp\/v2\/pages\/5050\/revisions\/5061"}],"wp:attachment":[{"href":"https:\/\/nerv-corp.com\/hu\/wp-json\/wp\/v2\/media?parent=5050"}],"curies":[{"name":"wp","href":"https:\/\/api.w.org\/{rel}","templated":true}]}}